{"id":99,"date":"2018-08-31T03:16:22","date_gmt":"2018-08-31T03:16:22","guid":{"rendered":"http:\/\/qa.goal.arkoses.com\/?page_id=99"},"modified":"2021-02-23T17:04:16","modified_gmt":"2021-02-23T17:04:16","slug":"resilience-by-geography","status":"publish","type":"page","link":"https:\/\/resiliencenexus.org\/fr\/global_scores\/resilience-by-geography\/","title":{"rendered":"R\u00e9silience par g\u00e9ographie"},"content":{"rendered":"<p>\nL\u2019outil ARC-D a \u00e9t\u00e9 appliqu\u00e9 pour mesurer la r\u00e9silience des communaut\u00e9s aux catastrophes dans des contextes ruraux, p\u00e9riurbains et urbains dans de nombreux pays, notamment le Honduras, Ha\u00efti, le Kenya et l\u2019Ouganda. Dans cette section, vous pouvez filtrer les r\u00e9sultats par g\u00e9ographie pour analyser les informations d'int\u00e9r\u00eat par pays ou contexte.\n<\/p>\n<hr>\n<p><iframe loading=\"lazy\" src=\"https:\/\/app.powerbi.com\/view?r=eyJrIjoiMjlmZTQwNmQtNDJmNS00OWY4LTgyNjYtMTQxYjg0MTM0NThjIiwidCI6IjY5YTIyYzdiLTI0ZWEtNDY0Ny04M2Q0LTQ4YWE4ZGI4Y2U3NyIsImMiOjh9\" width=\"100%\" height=\"800\" frameborder=\"0\" allowfullscreen=\"allowfullscreen\"><\/iframe><\/p>","protected":false},"excerpt":{"rendered":"<p>L\u2019outil ARC-D a \u00e9t\u00e9 appliqu\u00e9 pour mesurer la r\u00e9silience des communaut\u00e9s aux catastrophes dans des contextes ruraux, p\u00e9riurbains et urbains dans de nombreux pays, notamment le Honduras, Ha\u00efti, le Kenya et l\u2019Ouganda. Dans cette section, vous pouvez filtrer les r\u00e9sultats par g\u00e9ographie pour analyser les informations d'int\u00e9r\u00eat par pays ou contexte.<\/p>","protected":false},"author":1,"featured_media":608,"parent":22,"menu_order":0,"comment_status":"closed","ping_status":"closed","template":"secondary-template.php","meta":{"pgc_meta":"","_bbp_topic_count":0,"_bbp_reply_count":0,"_bbp_total_topic_count":0,"_bbp_total_reply_count":0,"_bbp_voice_count":0,"_bbp_anonymous_reply_count":0,"_bbp_topic_count_hidden":0,"_bbp_reply_count_hidden":0,"_bbp_forum_subforum_count":0,"footnotes":""},"pgc_meta":"","_links":{"self":[{"href":"https:\/\/resiliencenexus.org\/fr\/wp-json\/wp\/v2\/pages\/99"}],"collection":[{"href":"https:\/\/resiliencenexus.org\/fr\/wp-json\/wp\/v2\/pages"}],"about":[{"href":"https:\/\/resiliencenexus.org\/fr\/wp-json\/wp\/v2\/types\/page"}],"author":[{"embeddable":true,"href":"https:\/\/resiliencenexus.org\/fr\/wp-json\/wp\/v2\/users\/1"}],"replies":[{"embeddable":true,"href":"https:\/\/resiliencenexus.org\/fr\/wp-json\/wp\/v2\/comments?post=99"}],"version-history":[{"count":14,"href":"https:\/\/resiliencenexus.org\/fr\/wp-json\/wp\/v2\/pages\/99\/revisions"}],"predecessor-version":[{"id":918,"href":"https:\/\/resiliencenexus.org\/fr\/wp-json\/wp\/v2\/pages\/99\/revisions\/918"}],"up":[{"embeddable":true,"href":"https:\/\/resiliencenexus.org\/fr\/wp-json\/wp\/v2\/pages\/22"}],"wp:featuredmedia":[{"embeddable":true,"href":"https:\/\/resiliencenexus.org\/fr\/wp-json\/wp\/v2\/media\/608"}],"wp:attachment":[{"href":"https:\/\/resiliencenexus.org\/fr\/wp-json\/wp\/v2\/media?parent=99"}],"curies":[{"name":"wp","href":"https:\/\/api.w.org\/{rel}","templated":true}]}}