{"id":97,"date":"2018-08-31T03:15:42","date_gmt":"2018-08-31T03:15:42","guid":{"rendered":"http:\/\/qa.goal.arkoses.com\/?page_id=97"},"modified":"2021-02-23T17:05:14","modified_gmt":"2021-02-23T17:05:14","slug":"resilience-by-category","status":"publish","type":"page","link":"https:\/\/resiliencenexus.org\/fr\/global_scores\/resilience-by-category\/","title":{"rendered":"R\u00e9silience par cat\u00e9gorie"},"content":{"rendered":"<p>\nLes r\u00e9sultats de l\u2019outil ARC-D constituent un point de d\u00e9part pr\u00e9cieux pour l\u2019analyse des syst\u00e8mes sectoriels critiques et des domaines th\u00e9matiques. Les 30 composantes de la r\u00e9silience aux catastrophes peuvent \u00eatre class\u00e9es de deux mani\u00e8res: syst\u00e8mes sectoriels critiques et \/ ou domaines th\u00e9matiques. <br \/>\nL\u2019analyse des syst\u00e8mes sectoriels critiques permet d\u2019effectuer une v\u00e9rification des \u00absignes vitaux\u00bb de la r\u00e9silience aux catastrophes et d'identifier les aspects fonctionnels qui peuvent \u00eatre exploit\u00e9s pour obtenir de meilleurs r\u00e9sultats en mati\u00e8re de r\u00e9silience et renforcer \/ transformer la r\u00e9silience des communaut\u00e9s. <br \/>\nLes quatre domaines th\u00e9matiques correspondent aux quatre priorit\u00e9s d'action du Cadre de Sendai 2015-2030 pour la r\u00e9duction des risques de catastrophes. Les domaines th\u00e9matiques permettent de concentrer les actions par rapport aux secteurs selon les \u00e9tats au niveau local, national, r\u00e9gional et mondial\n<\/p>\n<hr>\n<p><iframe loading=\"lazy\" src=\"https:\/\/app.powerbi.com\/view?r=eyJrIjoiN2ZmMWU0NDktMWQ2NC00MGY1LThkMDAtYzdhMDNmMGNhM2IxIiwidCI6IjY5YTIyYzdiLTI0ZWEtNDY0Ny04M2Q0LTQ4YWE4ZGI4Y2U3NyIsImMiOjh9\" width=\"100%\" height=\"820\" frameborder=\"0\" allowfullscreen=\"allowfullscreen\"><\/iframe><\/p>","protected":false},"excerpt":{"rendered":"<p>The results of the ARC-D toolkit serve as a valuable entry point into analysis of critical sector systems and thematic areas. The 30 components of disaster resilience can be categorised in these two ways: critical sector systems and\/or thematic areas. The analysis of critical sector systems allows to do a \u201cvital signs\u201d check on these [&hellip;]<\/p>","protected":false},"author":1,"featured_media":608,"parent":22,"menu_order":0,"comment_status":"closed","ping_status":"closed","template":"secondary-template.php","meta":{"pgc_meta":"","_bbp_topic_count":0,"_bbp_reply_count":0,"_bbp_total_topic_count":0,"_bbp_total_reply_count":0,"_bbp_voice_count":0,"_bbp_anonymous_reply_count":0,"_bbp_topic_count_hidden":0,"_bbp_reply_count_hidden":0,"_bbp_forum_subforum_count":0,"footnotes":""},"pgc_meta":"","_links":{"self":[{"href":"https:\/\/resiliencenexus.org\/fr\/wp-json\/wp\/v2\/pages\/97"}],"collection":[{"href":"https:\/\/resiliencenexus.org\/fr\/wp-json\/wp\/v2\/pages"}],"about":[{"href":"https:\/\/resiliencenexus.org\/fr\/wp-json\/wp\/v2\/types\/page"}],"author":[{"embeddable":true,"href":"https:\/\/resiliencenexus.org\/fr\/wp-json\/wp\/v2\/users\/1"}],"replies":[{"embeddable":true,"href":"https:\/\/resiliencenexus.org\/fr\/wp-json\/wp\/v2\/comments?post=97"}],"version-history":[{"count":17,"href":"https:\/\/resiliencenexus.org\/fr\/wp-json\/wp\/v2\/pages\/97\/revisions"}],"predecessor-version":[{"id":919,"href":"https:\/\/resiliencenexus.org\/fr\/wp-json\/wp\/v2\/pages\/97\/revisions\/919"}],"up":[{"embeddable":true,"href":"https:\/\/resiliencenexus.org\/fr\/wp-json\/wp\/v2\/pages\/22"}],"wp:featuredmedia":[{"embeddable":true,"href":"https:\/\/resiliencenexus.org\/fr\/wp-json\/wp\/v2\/media\/608"}],"wp:attachment":[{"href":"https:\/\/resiliencenexus.org\/fr\/wp-json\/wp\/v2\/media?parent=97"}],"curies":[{"name":"wp","href":"https:\/\/api.w.org\/{rel}","templated":true}]}}