{"id":92,"date":"2018-08-31T03:13:50","date_gmt":"2018-08-31T03:13:50","guid":{"rendered":"http:\/\/qa.goal.arkoses.com\/?page_id=92"},"modified":"2018-11-26T01:32:46","modified_gmt":"2018-11-26T01:32:46","slug":"relevant-data","status":"publish","type":"page","link":"https:\/\/resiliencenexus.org\/fr\/arc_d_toolkit\/relevant-data\/","title":{"rendered":"Informations significatives"},"content":{"rendered":"<div class=\"row medium-text\">\n<div class=\"col-sm-12\">\n<h1>Informations significatives<\/h1>\n<\/div>\n<div class=\"col-md-4\"><img loading=\"lazy\" decoding=\"async\" width=\"1024\" height=\"509\" class=\"alignnone size-large wp-image-375 img-fluid\" src=\"http:\/\/resiliencenexus.org\/wp-content\/uploads\/2018\/11\/COPECO-training-Honduras-1-1024x509.jpg\" alt=\"\" srcset=\"https:\/\/resiliencenexus.org\/wp-content\/uploads\/2018\/11\/COPECO-training-Honduras-1-1024x509.jpg 1024w, https:\/\/resiliencenexus.org\/wp-content\/uploads\/2018\/11\/COPECO-training-Honduras-1-300x149.jpg 300w, https:\/\/resiliencenexus.org\/wp-content\/uploads\/2018\/11\/COPECO-training-Honduras-1-768x382.jpg 768w, https:\/\/resiliencenexus.org\/wp-content\/uploads\/2018\/11\/COPECO-training-Honduras-1.jpg 1200w\" sizes=\"(max-width: 1024px) 100vw, 1024px\" \/><\/p>\n<hr>\n<p><img loading=\"lazy\" decoding=\"async\" width=\"528\" height=\"400\" class=\"alignnone size-full wp-image-377 img-fluid\" src=\"http:\/\/resiliencenexus.org\/wp-content\/uploads\/2018\/11\/conference.jpg\" alt=\"\" srcset=\"https:\/\/resiliencenexus.org\/wp-content\/uploads\/2018\/11\/conference.jpg 528w, https:\/\/resiliencenexus.org\/wp-content\/uploads\/2018\/11\/conference-300x227.jpg 300w\" sizes=\"(max-width: 528px) 100vw, 528px\" \/><\/div>\n<div class=\"col-md-8\">\n<ul>\n<li>En 2015, la Commission permanente des Urgences du Honduras (COPECO) a institutionnalis\u00e9 l'ARC-D en tant qu'outil de bonne pratique au niveau national et, en partenariat avec le PNUD, a form\u00e9 sur son application 60 membres du syst\u00e8me national de gestion des risques de catastrophe<\/li>\n<li>En 2015, l\u2019ARC-D a \u00e9t\u00e9 pr\u00e9sent\u00e9 dans le \u2018Compendium sur la r\u00e9silience\u2019 de l\u2019Union europ\u00e9enne comme un outil d\u2019extr\u00eame importance pour le d\u00e9veloppement du projet de r\u00e9silience urbaine effectu\u00e9 par GOAL en Ha\u00efti, \u00abTounen Lakay (Retour \u00e0 la maison)\u00bb.<\/li>\n<li>Lors de la campagne \u00abRendre les villes r\u00e9silientes\u00bb, l\u2019Universit\u00e9 nationale du Honduras a valid\u00e9 la pertinence de l\u2019outil et sa compl\u00e9mentarit\u00e9 avec l\u2019outil UNISDR d\u2019auto\u00e9valuation des administrations gouvernementales locales.<\/li>\n<li>L\u2019outil ARC-D a \u00e9t\u00e9 utilis\u00e9 plus de 255 fois en Afrique en Am\u00e9rique Latine et dans les Cara\u00efbes.<\/li>\n<li>Il a \u00e9t\u00e9 appliqu\u00e9 dans des contextes urbains (27%) et ruraux (73%).<\/li>\n<li>Plus de 172 membres appartenant aux  syst\u00e8mes nationaux de gestion des risques dans 3 pays diff\u00e9rents ont \u00e9t\u00e9 form\u00e9s.<\/li>\n<li>Il a \u00e9t\u00e9 lanc\u00e9 dans 4 \u00e9v\u00e9nements internationaux entre 2015-2017.<\/li>\n<\/ul>\n<\/div>\n<\/div>","protected":false},"excerpt":{"rendered":"<p>Relevant Data In 2015 the honduran Disaster Risk Management Authority (COPECO) institutionalised the ARC-D as a nationwide best practice tool and, in partnership with UNDP, trained 60 members of the National Disaster Risk Management system in its application. Featured in the European Union\u2019s 2015 Resilience Compendium, as the ARC-D was an important cornerstone in GOAL\u2019s [&hellip;]<\/p>","protected":false},"author":1,"featured_media":693,"parent":20,"menu_order":200,"comment_status":"closed","ping_status":"closed","template":"secondary-template.php","meta":{"pgc_meta":"","_bbp_topic_count":0,"_bbp_reply_count":0,"_bbp_total_topic_count":0,"_bbp_total_reply_count":0,"_bbp_voice_count":0,"_bbp_anonymous_reply_count":0,"_bbp_topic_count_hidden":0,"_bbp_reply_count_hidden":0,"_bbp_forum_subforum_count":0,"footnotes":""},"pgc_meta":"","_links":{"self":[{"href":"https:\/\/resiliencenexus.org\/fr\/wp-json\/wp\/v2\/pages\/92"}],"collection":[{"href":"https:\/\/resiliencenexus.org\/fr\/wp-json\/wp\/v2\/pages"}],"about":[{"href":"https:\/\/resiliencenexus.org\/fr\/wp-json\/wp\/v2\/types\/page"}],"author":[{"embeddable":true,"href":"https:\/\/resiliencenexus.org\/fr\/wp-json\/wp\/v2\/users\/1"}],"replies":[{"embeddable":true,"href":"https:\/\/resiliencenexus.org\/fr\/wp-json\/wp\/v2\/comments?post=92"}],"version-history":[{"count":19,"href":"https:\/\/resiliencenexus.org\/fr\/wp-json\/wp\/v2\/pages\/92\/revisions"}],"predecessor-version":[{"id":715,"href":"https:\/\/resiliencenexus.org\/fr\/wp-json\/wp\/v2\/pages\/92\/revisions\/715"}],"up":[{"embeddable":true,"href":"https:\/\/resiliencenexus.org\/fr\/wp-json\/wp\/v2\/pages\/20"}],"wp:featuredmedia":[{"embeddable":true,"href":"https:\/\/resiliencenexus.org\/fr\/wp-json\/wp\/v2\/media\/693"}],"wp:attachment":[{"href":"https:\/\/resiliencenexus.org\/fr\/wp-json\/wp\/v2\/media?parent=92"}],"curies":[{"name":"wp","href":"https:\/\/api.w.org\/{rel}","templated":true}]}}