{"id":86,"date":"2018-08-31T03:12:08","date_gmt":"2018-08-31T03:12:08","guid":{"rendered":"http:\/\/qa.goal.arkoses.com\/?page_id=86"},"modified":"2018-11-23T19:20:48","modified_gmt":"2018-11-23T19:20:48","slug":"background","status":"publish","type":"page","link":"https:\/\/resiliencenexus.org\/fr\/arc_d_toolkit\/background\/","title":{"rendered":"Contexte"},"content":{"rendered":"<p>En 2007, GOAL a men\u00e9 une enqu\u00eate approfondie CAPC (connaissances, attitudes, pratiques et croyances) dans la r\u00e9gion de la Mosquitia, au Honduras, afin de mieux comprendre les facteurs qui influencent la r\u00e9silience des diff\u00e9rentes communaut\u00e9s aux catastrophes. En 2010, GOAL a mis au point une enqu\u00eate plus cibl\u00e9e pour \u00e9valuer la r\u00e9silience aux catastrophes, comprenant plus de 210 questions sur divers aspects li\u00e9s \u00e0 la r\u00e9silience, y compris des questions utilis\u00e9es dans l'\u00e9valuation des \u00abCaract\u00e9ristiques de r\u00e9silience aux catastrophes\u00bb bas\u00e9e sur les travaux de John Twigg. Puis en 2010 et 2011 cette seconde enqu\u00eate a \u00e9t\u00e9 appliqu\u00e9e \u00e0 La Mosquitia, ce qui s\u2019est av\u00e9r\u00e9 plus efficace pour mesurer les progr\u00e8s r\u00e9alis\u00e9s sur les capacit\u00e9s de resilience aux catastrophes. Les r\u00e9sultats de second outil se sont r\u00e9v\u00e9l\u00e9s coh\u00e9rents \u00e0 d\u2019autres outils de suivi et d\u2019\u00e9valuation. Tout au long du 2013-2014, GOAL a entrepris une r\u00e9vision compl\u00e8te de tous ses travaux sur la mesure de la r\u00e9silience communautaire aux catastrophes, en effectuant des tests de terrain et des validations techniques dans quatre pays. Le r\u00e9sultat final a \u00e9t\u00e9 la cr\u00e9ation de l\u2019outil ARC-D (appel\u00e9e alors Outil GOAL pour mesurer la r\u00e9silience des communaut\u00e9s en cas de catastrophes) et contenant 30 \u00e9l\u00e9ments cl\u00e9s de la r\u00e9silience comme base de l\u2019\u00e9tude.<\/p>\n<p><img loading=\"lazy\" decoding=\"async\" class=\"size-full wp-image-356 aligncenter\" src=\"http:\/\/resiliencenexus.org\/wp-content\/uploads\/2018\/11\/people.jpg\" alt=\"\" width=\"736\" height=\"413\" srcset=\"https:\/\/resiliencenexus.org\/wp-content\/uploads\/2018\/11\/people.jpg 736w, https:\/\/resiliencenexus.org\/wp-content\/uploads\/2018\/11\/people-300x168.jpg 300w\" sizes=\"(max-width: 736px) 100vw, 736px\" \/><\/p>\n<p>\u00c0 partir de 2015, lors d\u2019un int\u00e9r\u00eat accru pour l'application de l'ARC-D de la part de GOAL, mais aussi de la part des ONG et des acteurs gouvernementaux ; un vaste d\u00e9ploiement a eu lieu dans 11 pays d'Afrique, d'Asie, d'Am\u00e9rique centrale et des Cara\u00efbes. Par cons\u00e9quent, l\u2019ARC-D a \u00e9t\u00e9 appliqu\u00e9 dans 13 pays sur trois continents, pour mesurer la r\u00e9silience des communaut\u00e9s, comme par exemple: au Honduras, Nicaragua, Cuba, Colombie, Ha\u00efti, Niger, Soudan, Soudan du Sud, \u00c9thiopie, Kenya, Ouganda et Malawi et les Philippines. Tout au long du processus initial de diffusion et de validation, l'ARC-D a \u00e9t\u00e9 partag\u00e9 avec des sp\u00e9cialistes de la gestion des risques de catastrophes, y compris des responsables des syst\u00e8mes nationaux de gestion des risques, des agences des Nations Unies, d'autres ONG et des repr\u00e9sentants de bailleurs institutionnels en Am\u00e9rique centrale, dans les Cara\u00efbes et en Afrique orientale et l\u2019Australie. Leurs pr\u00e9cieux commentaires ont \u00e9t\u00e9 int\u00e9gr\u00e9s \u00e0 la version actuelle de cet outil.<\/p>\n<p><img loading=\"lazy\" decoding=\"async\" width=\"1024\" height=\"549\" class=\"size-large wp-image-354 aligncenter\" src=\"http:\/\/resiliencenexus.org\/wp-content\/uploads\/2018\/11\/world-map-1024x549.png\" alt=\"\" srcset=\"https:\/\/resiliencenexus.org\/wp-content\/uploads\/2018\/11\/world-map-1024x549.png 1024w, https:\/\/resiliencenexus.org\/wp-content\/uploads\/2018\/11\/world-map-300x161.png 300w, https:\/\/resiliencenexus.org\/wp-content\/uploads\/2018\/11\/world-map-768x412.png 768w, https:\/\/resiliencenexus.org\/wp-content\/uploads\/2018\/11\/world-map.png 1100w\" sizes=\"(max-width: 1024px) 100vw, 1024px\" \/><\/p>","protected":false},"excerpt":{"rendered":"<p>In 2007, GOAL completed a comprehensive KAPB (Knowledge, Attitudes, Practices and Beliefs) survey in La Moskitia, Honduras, to gain a better understanding of the factors influencing communities\u2019 disaster resilience. In 2010, GOAL developed a more targeted survey to assess disaster resilience, at this time incorporating over 210 questions on a variety of disaster resilience aspects, [&hellip;]<\/p>","protected":false},"author":1,"featured_media":693,"parent":20,"menu_order":100,"comment_status":"closed","ping_status":"closed","template":"secondary-template.php","meta":{"pgc_meta":"","_bbp_topic_count":0,"_bbp_reply_count":0,"_bbp_total_topic_count":0,"_bbp_total_reply_count":0,"_bbp_voice_count":0,"_bbp_anonymous_reply_count":0,"_bbp_topic_count_hidden":0,"_bbp_reply_count_hidden":0,"_bbp_forum_subforum_count":0,"footnotes":""},"pgc_meta":"","_links":{"self":[{"href":"https:\/\/resiliencenexus.org\/fr\/wp-json\/wp\/v2\/pages\/86"}],"collection":[{"href":"https:\/\/resiliencenexus.org\/fr\/wp-json\/wp\/v2\/pages"}],"about":[{"href":"https:\/\/resiliencenexus.org\/fr\/wp-json\/wp\/v2\/types\/page"}],"author":[{"embeddable":true,"href":"https:\/\/resiliencenexus.org\/fr\/wp-json\/wp\/v2\/users\/1"}],"replies":[{"embeddable":true,"href":"https:\/\/resiliencenexus.org\/fr\/wp-json\/wp\/v2\/comments?post=86"}],"version-history":[{"count":36,"href":"https:\/\/resiliencenexus.org\/fr\/wp-json\/wp\/v2\/pages\/86\/revisions"}],"predecessor-version":[{"id":694,"href":"https:\/\/resiliencenexus.org\/fr\/wp-json\/wp\/v2\/pages\/86\/revisions\/694"}],"up":[{"embeddable":true,"href":"https:\/\/resiliencenexus.org\/fr\/wp-json\/wp\/v2\/pages\/20"}],"wp:featuredmedia":[{"embeddable":true,"href":"https:\/\/resiliencenexus.org\/fr\/wp-json\/wp\/v2\/media\/693"}],"wp:attachment":[{"href":"https:\/\/resiliencenexus.org\/fr\/wp-json\/wp\/v2\/media?parent=86"}],"curies":[{"name":"wp","href":"https:\/\/api.w.org\/{rel}","templated":true}]}}