{"id":64,"date":"2018-08-31T02:36:22","date_gmt":"2018-08-31T02:36:22","guid":{"rendered":"http:\/\/qa.goal.arkoses.com\/2018\/08\/31\/register\/"},"modified":"2018-11-29T06:07:47","modified_gmt":"2018-11-29T06:07:47","slug":"register","status":"publish","type":"page","link":"https:\/\/resiliencenexus.org\/fr\/register\/","title":{"rendered":"Registro"},"content":{"rendered":"<div class=\"green-form\">\n<h1>Registre<\/h1>\n<p>By registering on this website, you\u2019ll receive updates on the tools, trainings and promotion events. In addition, if you have already been certified in the ARC-D toolkit application, you\u2019ll be able to upload and access the information of the evaluations developed with the ARC-D toolkit<\/p>\n<div class=\"um um-register um-56\">\n\n\t<div class=\"um-form\">\n\t\n\t\t<form method=\"post\" action=\"\" data-trp-original-action=\"\">\n\t\n\t\t<div class=\"um-row _um_row_1\" style=\"margin: 0 0 30px 0;\"><div class=\"um-col-1\"><div class=\"um-field um-field-user_login um-field-text um-field-type_text\" data-key=\"user_login\"><div class=\"um-field-label\"><label for=\"user_login-56\">Username<span class=\"um-req\" title=\"Required\">*<\/span><\/label><div class=\"um-clear\"><\/div><\/div><div class=\"um-field-area\"><input  autocomplete=\"off\" class=\"um-form-field valid\" type=\"text\" name=\"user_login-56\" id=\"user_login-56\" value=\"\" placeholder=\"\" data-validate=\"unique_username\" data-key=\"user_login\" \/>\n\n                        <\/div><\/div><div class=\"um-field um-field-first_name um-field-text um-field-type_text\" data-key=\"first_name\"><div class=\"um-field-label\"><label for=\"first_name-56\">First Name<\/label><div class=\"um-clear\"><\/div><\/div><div class=\"um-field-area\"><input  autocomplete=\"off\" class=\"um-form-field valid\" type=\"text\" name=\"first_name-56\" id=\"first_name-56\" value=\"\" placeholder=\"\" data-validate=\"\" data-key=\"first_name\" \/>\n\n                        <\/div><\/div><div class=\"um-field um-field-last_name um-field-text um-field-type_text\" data-key=\"last_name\"><div class=\"um-field-label\"><label for=\"last_name-56\">Last Name<\/label><div class=\"um-clear\"><\/div><\/div><div class=\"um-field-area\"><input  autocomplete=\"off\" class=\"um-form-field valid\" type=\"text\" name=\"last_name-56\" id=\"last_name-56\" value=\"\" placeholder=\"\" data-validate=\"\" data-key=\"last_name\" \/>\n\n                        <\/div><\/div><div class=\"um-field um-field-user_email um-field-text um-field-type_text\" data-key=\"user_email\"><div class=\"um-field-label\"><label for=\"user_email-56\">E-mail Address<\/label><div class=\"um-clear\"><\/div><\/div><div class=\"um-field-area\"><input  autocomplete=\"off\" class=\"um-form-field valid\" type=\"text\" name=\"user_email-56\" id=\"user_email-56\" value=\"\" placeholder=\"\" data-validate=\"unique_email\" data-key=\"user_email\" \/>\n\n                        <\/div><\/div><div class=\"um-field um-field-user_password um-field-password um-field-type_password\" data-key=\"user_password\"><div class=\"um-field-label\"><label for=\"user_password-56\">Password<span class=\"um-req\" title=\"Required\">*<\/span><\/label><div class=\"um-clear\"><\/div><\/div><div class=\"um-field-area\"><input class=\"um-form-field valid\" type=\"password\" name=\"user_password-56\" id=\"user_password-56\" value=\"\" placeholder=\"\" data-validate=\"\" data-key=\"user_password\" \/>\n\n                        <\/div><\/div><div class=\"um-field um-field-user_password um-field-password um-field-type_password\" data-key=\"confirm_user_password\"><div class=\"um-field-label\"><label for=\"confirm_user_password-56\">Confirm Password<span class=\"um-req\" title=\"Required\">*<\/span><\/label><div class=\"um-clear\"><\/div><\/div><div class=\"um-field-area\"><input class=\"um-form-field valid\" type=\"password\" name=\"confirm_user_password-56\" id=\"confirm_user_password-56\" value=\"\" placeholder=\"\" data-validate=\"\" data-key=\"confirm_user_password\" \/>\n\n                                <\/div><\/div><div class=\"um-field um-field-country um-field-select um-field-type_select\" data-key=\"country\"><div class=\"um-field-label\"><label for=\"country-56\">Pa\u00eds<\/label><div class=\"um-clear\"><\/div><\/div><div class=\"um-field-area\"><select      name=\"country\" id=\"country\" data-validate=\"\" data-key=\"country\" class=\"um-form-field valid not-required um-s1\" style=\"width: 100%\" data-placeholder=\"\" ><option value=\"\"><\/option><option value=\"Afganist\u00e1n\" >Afganist\u00e1n<\/option><option value=\"Islas \u00c5land\" >Islas \u00c5land<\/option><option value=\"Albania\" >Albania<\/option><option value=\"Argelia\" >Argelia<\/option><option value=\"Samoa\" >Samoa<\/option><option value=\"Andorra\" >Andorra<\/option><option value=\"Angola\" >Angola<\/option><option value=\"Anguilla\" >Anguilla<\/option><option value=\"Ant\u00e1rtica\" >Ant\u00e1rtica<\/option><option value=\"Antigua y Barbuda\" >Antigua y Barbuda<\/option><option value=\"Islas Baleares\" >Islas Baleares<\/option><option value=\"Armenia\" >Armenia<\/option><option value=\"Aruba\" >Aruba<\/option><option value=\"Australia\" >Australia<\/option><option value=\"Austria\" >Austria<\/option><option value=\"Azerbaiy\u00e1n\" >Azerbaiy\u00e1n<\/option><option value=\"Bahamas\" >Bahamas<\/option><option value=\"Bar\u00e9in\" >Bar\u00e9in<\/option><option value=\"Banglad\u00e9s\" >Banglad\u00e9s<\/option><option value=\"Barbados\" >Barbados<\/option><option value=\"Bielorrusia\" >Bielorrusia<\/option><option value=\"B\u00e9lgica\" >B\u00e9lgica<\/option><option value=\"Belice\" >Belice<\/option><option value=\"Ben\u00edn\" >Ben\u00edn<\/option><option value=\"Bermuda\" >Bermuda<\/option><option value=\"But\u00e1n\" >But\u00e1n<\/option><option value=\"Bolivia\" >Bolivia<\/option><option value=\"Bosnia y Herzegovina\" >Bosnia y Herzegovina<\/option><option value=\"Botsuana\" >Botsuana<\/option><option value=\"Isla Bouvet\" >Isla Bouvet<\/option><option value=\"Brasil\" >Brasil<\/option><option value=\"Territorio Brit\u00e1nico del Oc\u00e9ano \u00cdndico\" >Territorio Brit\u00e1nico del Oc\u00e9ano \u00cdndico<\/option><option value=\"Brunei Darussalam\" >Brunei Darussalam<\/option><option value=\"Bulgaria\" >Bulgaria<\/option><option value=\"Burkina Faso\" >Burkina Faso<\/option><option value=\"Burundi\" >Burundi<\/option><option value=\"Camboya\" >Camboya<\/option><option value=\"Camer\u00fan\" >Camer\u00fan<\/option><option value=\"Canad\u00e1\" >Canad\u00e1<\/option><option value=\"Cabo Verde\" >Cabo Verde<\/option><option value=\"Islas Caim\u00e1n\" >Islas Caim\u00e1n<\/option><option value=\"Rep\u00fablica Centroafricana\" >Rep\u00fablica Centroafricana<\/option><option value=\"Chad\" >Chad<\/option><option value=\"Chile\" >Chile<\/option><option value=\"China\" >China<\/option><option value=\"Islas Christmas\" >Islas Christmas<\/option><option value=\"Islas (Keeling) Cocos\" >Islas (Keeling) Cocos<\/option><option value=\"Colombia\" >Colombia<\/option><option value=\"Comoras\" >Comoras<\/option><option value=\"Congo\" >Congo<\/option><option value=\"Rep\u00fablica Democr\u00e1tica del Congo\" >Rep\u00fablica Democr\u00e1tica del Congo<\/option><option value=\"Islas Cook\" >Islas Cook<\/option><option value=\"Costa Rica\" >Costa Rica<\/option><option value=\"Costa de Marfil\" >Costa de Marfil<\/option><option value=\"Croacia\" >Croacia<\/option><option value=\"Cuba\" >Cuba<\/option><option value=\"Chipre\" >Chipre<\/option><option value=\"Rep\u00fablica Checa\" >Rep\u00fablica Checa<\/option><option value=\"Dinamarca\" >Dinamarca<\/option><option value=\"Yibuti\" >Yibuti<\/option><option value=\"Dominica\" >Dominica<\/option><option value=\"Republica dominicana\" >Republica dominicana<\/option><option value=\"Ecuador\" >Ecuador<\/option><option value=\"Egipto\" >Egipto<\/option><option value=\"El Salvador\" >El Salvador<\/option><option value=\"Guinea Ecuatorial\" >Guinea Ecuatorial<\/option><option value=\"Eritrea\" >Eritrea<\/option><option value=\"Estonia\" >Estonia<\/option><option value=\"Etiop\u00eda\" >Etiop\u00eda<\/option><option value=\"Islas Malvinas\" >Islas Malvinas<\/option><option value=\"Islas Feroe\" >Islas Feroe<\/option><option value=\"Fiji\" >Fiji<\/option><option value=\"Finlandia\" >Finlandia<\/option><option value=\"Francia\" >Francia<\/option><option value=\"Guinea Francesa\" >Guinea Francesa<\/option><option value=\"Polinesia Francesa\" >Polinesia Francesa<\/option><option value=\"Territorios Franceses del Sur\" >Territorios Franceses del Sur<\/option><option value=\"Gab\u00f3n\" >Gab\u00f3n<\/option><option value=\"Gambia\" >Gambia<\/option><option value=\"Georgia\" >Georgia<\/option><option value=\"Alemania\" >Alemania<\/option><option value=\"Ghana\" >Ghana<\/option><option value=\"Gibraltar\" >Gibraltar<\/option><option value=\"Grecia\" >Grecia<\/option><option value=\"Groenlandia\" >Groenlandia<\/option><option value=\"Granada\" >Granada<\/option><option value=\"Guadalupe\" >Guadalupe<\/option><option value=\"Guam\" >Guam<\/option><option value=\"Guatemala\" >Guatemala<\/option><option value=\"Guernsey\" >Guernsey<\/option><option value=\"Guinea\" >Guinea<\/option><option value=\"Guinea Bissau\" >Guinea Bissau<\/option><option value=\"Guyana\" >Guyana<\/option><option value=\"Hait\u00ed\" >Hait\u00ed<\/option><option value=\"Islas Heard y McDonald\" >Islas Heard y McDonald<\/option><option value=\"Santa Sede (Estado Ciudad del Vaticano)\" >Santa Sede (Estado Ciudad del Vaticano)<\/option><option value=\"Honduras\" >Honduras<\/option><option value=\"Hong Kong\" >Hong Kong<\/option><option value=\"Hungr\u00eda\" >Hungr\u00eda<\/option><option value=\"Islandia\" >Islandia<\/option><option value=\"India\" >India<\/option><option value=\"Indonesia\" >Indonesia<\/option><option value=\"Iran, Islamic Republic of\" >Iran, Islamic Republic of<\/option><option value=\"Irak\" >Irak<\/option><option value=\"Irlanda\" >Irlanda<\/option><option value=\"Isla de Man\" >Isla de Man<\/option><option value=\"Israel\" >Israel<\/option><option value=\"Italia\" >Italia<\/option><option value=\"Jamaica\" >Jamaica<\/option><option value=\"Jap\u00f3n\" >Jap\u00f3n<\/option><option value=\"Jersey\" >Jersey<\/option><option value=\"Jord\u00e1n\" >Jord\u00e1n<\/option><option value=\"Kazajist\u00e1n\" >Kazajist\u00e1n<\/option><option value=\"Kenia\" >Kenia<\/option><option value=\"Kiribati\" >Kiribati<\/option><option value=\"Rep\u00fablica Democr\u00e1tica de Korea\" >Rep\u00fablica Democr\u00e1tica de Korea<\/option><option value=\"Rep\u00fablica de Corea\" >Rep\u00fablica de Corea<\/option><option value=\"Kuwait\" >Kuwait<\/option><option value=\"Kirguist\u00e1n\" >Kirguist\u00e1n<\/option><option value=\"Rep\u00fablica Popular Democr\u00e1tica de Laos\" >Rep\u00fablica Popular Democr\u00e1tica de Laos<\/option><option value=\"Letonia\" >Letonia<\/option><option value=\"L\u00edbano\" >L\u00edbano<\/option><option value=\"Lesoto\" >Lesoto<\/option><option value=\"Liberia\" >Liberia<\/option><option value=\"Libyan Arab Jamahiriya\" >Libyan Arab Jamahiriya<\/option><option value=\"Liechtenstein\" >Liechtenstein<\/option><option value=\"Lituania\" >Lituania<\/option><option value=\"Luxemburgo\" >Luxemburgo<\/option><option value=\"Macao\" >Macao<\/option><option value=\"Macedonia\" >Macedonia<\/option><option value=\"Madagascar\" >Madagascar<\/option><option value=\"Malaui\" >Malaui<\/option><option value=\"Malasia\" >Malasia<\/option><option value=\"Maldivas\" >Maldivas<\/option><option value=\"Mal\u00ed\" >Mal\u00ed<\/option><option value=\"Malta\" >Malta<\/option><option value=\"Islas Marshall\" >Islas Marshall<\/option><option value=\"Martinique\" >Martinique<\/option><option value=\"Mauritania\" >Mauritania<\/option><option value=\"Mauricio\" >Mauricio<\/option><option value=\"Mayotte\" >Mayotte<\/option><option value=\"M\u00e9xico\" >M\u00e9xico<\/option><option value=\"Micrones\u00eda\" >Micrones\u00eda<\/option><option value=\"Moldavia\" >Moldavia<\/option><option value=\"M\u00f3naco\" >M\u00f3naco<\/option><option value=\"Mongolia\" >Mongolia<\/option><option value=\"Montenegro\" >Montenegro<\/option><option value=\"Montserrat\" >Montserrat<\/option><option value=\"Marruecos\" >Marruecos<\/option><option value=\"Mozambique\" >Mozambique<\/option><option value=\"Myanmar\" >Myanmar<\/option><option value=\"Namibia\" >Namibia<\/option><option value=\"Naur\u00fa\" >Naur\u00fa<\/option><option value=\"Nepal\" >Nepal<\/option><option value=\"Pa\u00edses Bajos\" >Pa\u00edses Bajos<\/option><option value=\"Antillas Holandesas\" >Antillas Holandesas<\/option><option value=\"Nueva Caledonia\" >Nueva Caledonia<\/option><option value=\"Nueva Zelanda\" >Nueva Zelanda<\/option><option value=\"Nicaragua\" >Nicaragua<\/option><option value=\"Nigeria\" >Nigeria<\/option><option value=\"Nigeria\" >Nigeria<\/option><option value=\"Niue\" >Niue<\/option><option value=\"Islas Norfolk\" >Islas Norfolk<\/option><option value=\"Islas Marianas del Norte\" >Islas Marianas del Norte<\/option><option value=\"Noruega\" >Noruega<\/option><option value=\"Om\u00e1n\" >Om\u00e1n<\/option><option value=\"Pakist\u00e1n\" >Pakist\u00e1n<\/option><option value=\"Palau\" >Palau<\/option><option value=\"Palestina\" >Palestina<\/option><option value=\"Panam\u00e1\" >Panam\u00e1<\/option><option value=\"Papua Nueva Guinea\" >Papua Nueva Guinea<\/option><option value=\"Paraguay\" >Paraguay<\/option><option value=\"Per\u00fa\" >Per\u00fa<\/option><option value=\"Filipinas\" >Filipinas<\/option><option value=\"Pitcairn\" >Pitcairn<\/option><option value=\"Polonia\" >Polonia<\/option><option value=\"Portugal\" >Portugal<\/option><option value=\"Puerto Rico\" >Puerto Rico<\/option><option value=\"Qatar\" >Qatar<\/option><option value=\"Reuni\u00f3n\" >Reuni\u00f3n<\/option><option value=\"Ruman\u00eda\" >Ruman\u00eda<\/option><option value=\"Federaci\u00f3n Rusa\" >Federaci\u00f3n Rusa<\/option><option value=\"Ruanda\" >Ruanda<\/option><option value=\"Saint Barth\u00e9lemy\" >Saint Barth\u00e9lemy<\/option><option value=\"Santa Elena\" >Santa Elena<\/option><option value=\"San Crist\u00f3bal y Nieves\" >San Crist\u00f3bal y Nieves<\/option><option value=\"Santa Luc\u00eda\" >Santa Luc\u00eda<\/option><option value=\"San Martin (Parte Francesa)\" >San Martin (Parte Francesa)<\/option><option value=\"San Pedro y Miquel\u00f3n\" >San Pedro y Miquel\u00f3n<\/option><option value=\"San Vicente y las Granadinas\" >San Vicente y las Granadinas<\/option><option value=\"Samoa\" >Samoa<\/option><option value=\"San Marino\" >San Marino<\/option><option value=\"Santo Tom\u00e9 y Pr\u00edncipe\" >Santo Tom\u00e9 y Pr\u00edncipe<\/option><option value=\"Arabia Saudita\" >Arabia Saudita<\/option><option value=\"Senegal\" >Senegal<\/option><option value=\"Serbia\" >Serbia<\/option><option value=\"Seychelles\" >Seychelles<\/option><option value=\"Sierra Leona\" >Sierra Leona<\/option><option value=\"Singapur\" >Singapur<\/option><option value=\"Eslovaquia\" >Eslovaquia<\/option><option value=\"Eslovenia\" >Eslovenia<\/option><option value=\"Islas Salom\u00f3n\" >Islas Salom\u00f3n<\/option><option value=\"Somalia\" >Somalia<\/option><option value=\"Sud\u00e1frica\" >Sud\u00e1frica<\/option><option value=\"Territorio brit\u00e1nico de ultramar de las Islas Georgias del Sur y Sandwich del Sur\" >Territorio brit\u00e1nico de ultramar de las Islas Georgias del Sur y Sandwich del Sur<\/option><option value=\"Sud\u00e1n del Sur\" >Sud\u00e1n del Sur<\/option><option value=\"Espa\u00f1a\" >Espa\u00f1a<\/option><option value=\"Sri Lanka\" >Sri Lanka<\/option><option value=\"Sud\u00e1n\" >Sud\u00e1n<\/option><option value=\"Suriname\" >Suriname<\/option><option value=\"Islas Svalbard y Jan Mayen\" >Islas Svalbard y Jan Mayen<\/option><option value=\"Suazilandia\" >Suazilandia<\/option><option value=\"Suecia\" >Suecia<\/option><option value=\"Suiza\" >Suiza<\/option><option value=\"Syria\" >Syria<\/option><option value=\"Taiwan\" >Taiwan<\/option><option value=\"Tajikistan\" >Tajikistan<\/option><option value=\"Tanzania\" >Tanzania<\/option><option value=\"Thailandia\" >Thailandia<\/option><option value=\"Timor-Leste\" >Timor-Leste<\/option><option value=\"Togo\" >Togo<\/option><option value=\"Tokelau\" >Tokelau<\/option><option value=\"Tonga\" >Tonga<\/option><option value=\"Trinidad y Tobago\" >Trinidad y Tobago<\/option><option value=\"T\u00fanez\" >T\u00fanez<\/option><option value=\"Turqu\u00eda\" >Turqu\u00eda<\/option><option value=\"Turkmenist\u00e1n\" >Turkmenist\u00e1n<\/option><option value=\"Islas Turcas y Caicos\" >Islas Turcas y Caicos<\/option><option value=\"Tuvalu\" >Tuvalu<\/option><option value=\"Uganda\" >Uganda<\/option><option value=\"Ucrania\" >Ucrania<\/option><option value=\"Emiratos \u00c1rabes Unidos\" >Emiratos \u00c1rabes Unidos<\/option><option value=\"Reino Unido\" >Reino Unido<\/option><option value=\"Estados Unidos\" >Estados Unidos<\/option><option value=\"Estados Unidos, Islas menores\" >Estados Unidos, Islas menores<\/option><option value=\"Uruguay\" >Uruguay<\/option><option value=\"Uzbekistan\" >Uzbekistan<\/option><option value=\"Vanuatu\" >Vanuatu<\/option><option value=\"Rep\u00fablica Bolivariana de Venezuela\" >Rep\u00fablica Bolivariana de Venezuela<\/option><option value=\"Vietnam\" >Vietnam<\/option><option value=\"Islas V\u00edrgenes Brit\u00e1nicas\" >Islas V\u00edrgenes Brit\u00e1nicas<\/option><option value=\"Islas V\u00edrgenes, Estados Unidos\" >Islas V\u00edrgenes, Estados Unidos<\/option><option value=\"Wallis y Futuna\" >Wallis y Futuna<\/option><option value=\"Sahara Occidental\" >Sahara Occidental<\/option><option value=\"Yemen\" >Yemen<\/option><option value=\"Zambia\" >Zambia<\/option><option value=\"Zimbabwe\" >Zimbabwe<\/option><\/select><\/div><\/div><div class=\"um-field um-field-Organization um-field-text um-field-type_text\" data-key=\"Organization\"><div class=\"um-field-label\"><label for=\"Organization-56\">Organization<span class=\"um-req\" title=\"Required\">*<\/span><\/label><div class=\"um-clear\"><\/div><\/div><div class=\"um-field-area\"><input  autocomplete=\"off\" class=\"um-form-field valid\" type=\"text\" name=\"Organization-56\" id=\"Organization-56\" value=\"\" placeholder=\"\" data-validate=\"\" data-key=\"Organization\" \/>\n\n                        <\/div><\/div><div class=\"um-field um-field-Position um-field-text um-field-type_text\" data-key=\"Position\"><div class=\"um-field-label\"><label for=\"Position-56\">Position<span class=\"um-req\" title=\"Required\">*<\/span><\/label><div class=\"um-clear\"><\/div><\/div><div class=\"um-field-area\"><input  autocomplete=\"off\" class=\"um-form-field valid\" type=\"text\" name=\"Position-56\" id=\"Position-56\" value=\"\" placeholder=\"\" data-validate=\"\" data-key=\"Position\" \/>\n\n                        <\/div><\/div><div class=\"um-field um-field-how_did_find_resilience_nexus um-field-textarea um-field-type_textarea\" data-key=\"how_did_find_resilience_nexus\"><div class=\"um-field-label\"><label for=\"how_did_find_resilience_nexus-56\">How did you find out about Resilience Nexus?<span class=\"um-req\" title=\"Required\">*<\/span><\/label><div class=\"um-clear\"><\/div><\/div><div class=\"um-field-area\"><textarea    style=\"height: 100px;\" class=\"um-form-field valid\" name=\"how_did_find_resilience_nexus\" id=\"how_did_find_resilience_nexus\" placeholder=\"\"><\/textarea><\/div><\/div><\/div><\/div>\t\t<input type=\"hidden\" name=\"form_id\" id=\"form_id_56\" value=\"56\" \/>\n\t\n\t<input type=\"hidden\" name=\"timestamp\" class=\"um_timestamp\" value=\"1776227007\" \/>\n\n\t<p class=\"request_name\">\n\t\t<label for=\"request_56\">Only fill in if you are not human<\/label>\n\t\t<input type=\"text\" name=\"request\" id=\"request_56\" class=\"input\" value=\"\" size=\"25\" autocomplete=\"off\" \/>\n\t<\/p>\n\n\t<input type=\"hidden\" id=\"_wpnonce\" name=\"_wpnonce\" value=\"52236147e0\" \/><input type=\"hidden\" name=\"_wp_http_referer\" value=\"\/fr\/wp-json\/wp\/v2\/pages\/64\" \/>\n\t<div class=\"um-col-alt\">\n\n\t\t\n\t\t\t<div class=\"um-left um-half\"><input type=\"submit\" value=\"Registro\" class=\"um-button\" id=\"um-submit-btn\" \/><\/div>\n\t\t\t<div class=\"um-right um-half\"><a href=\"https:\/\/resiliencenexus.org\/fr\/login\/\" class=\"um-button um-alt\">Entrar<\/a><\/div>\n\n\t\t\n\t\t<div class=\"um-clear\"><\/div>\n\n\t<\/div>\n\n\t\t\t\n\t\t<input type=\"hidden\" name=\"trp-form-language\" value=\"fr\"\/><\/form>\n\t\n\t<\/div>\n\t\n<\/div><style type=\"text\/css\">\n.um-56.um {\n\tmax-width: 450px;\n}<\/style>\n<\/div>","protected":false},"excerpt":{"rendered":"<p>Register By registering on this website, you\u2019ll receive updates on the tools, trainings and promotion events. In addition, if you have already been certified in the ARC-D toolkit application, you\u2019ll be able to upload and access the information of the evaluations developed with the ARC-D toolkit<\/p>","protected":false},"author":1,"featured_media":141,"parent":0,"menu_order":0,"comment_status":"closed","ping_status":"open","template":"clean-template.php","meta":{"pgc_meta":"","_bbp_topic_count":0,"_bbp_reply_count":0,"_bbp_total_topic_count":0,"_bbp_total_reply_count":0,"_bbp_voice_count":0,"_bbp_anonymous_reply_count":0,"_bbp_topic_count_hidden":0,"_bbp_reply_count_hidden":0,"_bbp_forum_subforum_count":0,"footnotes":""},"pgc_meta":"","_links":{"self":[{"href":"https:\/\/resiliencenexus.org\/fr\/wp-json\/wp\/v2\/pages\/64"}],"collection":[{"href":"https:\/\/resiliencenexus.org\/fr\/wp-json\/wp\/v2\/pages"}],"about":[{"href":"https:\/\/resiliencenexus.org\/fr\/wp-json\/wp\/v2\/types\/page"}],"author":[{"embeddable":true,"href":"https:\/\/resiliencenexus.org\/fr\/wp-json\/wp\/v2\/users\/1"}],"replies":[{"embeddable":true,"href":"https:\/\/resiliencenexus.org\/fr\/wp-json\/wp\/v2\/comments?post=64"}],"version-history":[{"count":5,"href":"https:\/\/resiliencenexus.org\/fr\/wp-json\/wp\/v2\/pages\/64\/revisions"}],"predecessor-version":[{"id":786,"href":"https:\/\/resiliencenexus.org\/fr\/wp-json\/wp\/v2\/pages\/64\/revisions\/786"}],"wp:featuredmedia":[{"embeddable":true,"href":"https:\/\/resiliencenexus.org\/fr\/wp-json\/wp\/v2\/media\/141"}],"wp:attachment":[{"href":"https:\/\/resiliencenexus.org\/fr\/wp-json\/wp\/v2\/media?parent=64"}],"curies":[{"name":"wp","href":"https:\/\/api.w.org\/{rel}","templated":true}]}}