{"id":459,"date":"2018-11-13T18:32:27","date_gmt":"2018-11-13T18:32:27","guid":{"rendered":"http:\/\/resiliencenexus.org\/?page_id=459"},"modified":"2021-02-23T17:07:44","modified_gmt":"2021-02-23T17:07:44","slug":"frequency-of-communities","status":"publish","type":"page","link":"https:\/\/resiliencenexus.org\/fr\/global_scores\/frequency-of-communities\/","title":{"rendered":"Frequency of Communities"},"content":{"rendered":"<p>Ce tableau de bord aide les utilisateurs \u00e0 identifier facilement la distribution des communaut\u00e9s par niveau de r\u00e9silience et par composante. Par cons\u00e9quent, les utilisateurs peuvent s\u00e9lectionner la composante de leur int\u00e9r\u00eat et voir la moyenne des niveaux de r\u00e9silience dans diff\u00e9rents contextes o\u00f9 l'ARC-D a \u00e9t\u00e9 appliqu\u00e9.<\/p>\n<p><iframe loading=\"lazy\" width=\"100%\" height=\"820\" src=\"https:\/\/app.powerbi.com\/view?r=eyJrIjoiOWNhYTYyNWQtYWUzNy00YThlLThjODgtODU4ZjY5ZDY2NGNiIiwidCI6IjY5YTIyYzdiLTI0ZWEtNDY0Ny04M2Q0LTQ4YWE4ZGI4Y2U3NyIsImMiOjh9\" frameborder=\"0\" allowfullscreen=\"true\"><\/iframe><\/p>","protected":false},"excerpt":{"rendered":"<p>Ce tableau de bord aide les utilisateurs \u00e0 identifier facilement la distribution des communaut\u00e9s par niveau de r\u00e9silience et par composante. Par cons\u00e9quent, les utilisateurs peuvent s\u00e9lectionner la composante de leur int\u00e9r\u00eat et voir la moyenne des niveaux de r\u00e9silience dans diff\u00e9rents contextes o\u00f9 l'ARC-D a \u00e9t\u00e9 appliqu\u00e9.<\/p>","protected":false},"author":1,"featured_media":608,"parent":22,"menu_order":0,"comment_status":"closed","ping_status":"closed","template":"secondary-template.php","meta":{"pgc_meta":"","_bbp_topic_count":0,"_bbp_reply_count":0,"_bbp_total_topic_count":0,"_bbp_total_reply_count":0,"_bbp_voice_count":0,"_bbp_anonymous_reply_count":0,"_bbp_topic_count_hidden":0,"_bbp_reply_count_hidden":0,"_bbp_forum_subforum_count":0,"footnotes":""},"pgc_meta":"","_links":{"self":[{"href":"https:\/\/resiliencenexus.org\/fr\/wp-json\/wp\/v2\/pages\/459"}],"collection":[{"href":"https:\/\/resiliencenexus.org\/fr\/wp-json\/wp\/v2\/pages"}],"about":[{"href":"https:\/\/resiliencenexus.org\/fr\/wp-json\/wp\/v2\/types\/page"}],"author":[{"embeddable":true,"href":"https:\/\/resiliencenexus.org\/fr\/wp-json\/wp\/v2\/users\/1"}],"replies":[{"embeddable":true,"href":"https:\/\/resiliencenexus.org\/fr\/wp-json\/wp\/v2\/comments?post=459"}],"version-history":[{"count":16,"href":"https:\/\/resiliencenexus.org\/fr\/wp-json\/wp\/v2\/pages\/459\/revisions"}],"predecessor-version":[{"id":920,"href":"https:\/\/resiliencenexus.org\/fr\/wp-json\/wp\/v2\/pages\/459\/revisions\/920"}],"up":[{"embeddable":true,"href":"https:\/\/resiliencenexus.org\/fr\/wp-json\/wp\/v2\/pages\/22"}],"wp:featuredmedia":[{"embeddable":true,"href":"https:\/\/resiliencenexus.org\/fr\/wp-json\/wp\/v2\/media\/608"}],"wp:attachment":[{"href":"https:\/\/resiliencenexus.org\/fr\/wp-json\/wp\/v2\/media?parent=459"}],"curies":[{"name":"wp","href":"https:\/\/api.w.org\/{rel}","templated":true}]}}