{"id":18,"date":"2018-08-30T03:02:52","date_gmt":"2018-08-30T03:02:52","guid":{"rendered":"http:\/\/qa.goal.arkoses.com\/?page_id=18"},"modified":"2018-11-27T14:40:07","modified_gmt":"2018-11-27T14:40:07","slug":"about_us","status":"publish","type":"page","link":"https:\/\/resiliencenexus.org\/fr\/about_us\/","title":{"rendered":"\u00e0 propos de nous"},"content":{"rendered":"<div class=\"container\">\n<div class=\"row\">\n<div class=\"col-sm-12\">\n<h1>Nos travaux<\/h1>\n<\/div>\n<div class=\"col-sm-4\"><img loading=\"lazy\" decoding=\"async\" class=\"alignnone size-full wp-image-364\" src=\"http:\/\/resiliencenexus.org\/wp-content\/uploads\/2018\/11\/IMG_2706.jpg\" alt=\"\" width=\"800\" height=\"1200\" srcset=\"https:\/\/resiliencenexus.org\/wp-content\/uploads\/2018\/11\/IMG_2706.jpg 800w, https:\/\/resiliencenexus.org\/wp-content\/uploads\/2018\/11\/IMG_2706-200x300.jpg 200w, https:\/\/resiliencenexus.org\/wp-content\/uploads\/2018\/11\/IMG_2706-768x1152.jpg 768w, https:\/\/resiliencenexus.org\/wp-content\/uploads\/2018\/11\/IMG_2706-683x1024.jpg 683w\" sizes=\"(max-width: 800px) 100vw, 800px\" \/><\/div>\n<div class=\"col-sm-8\">\n<p>\n        Le travail de GOAL en mati\u00e8re de mesure de la r\u00e9silience a d\u00e9but\u00e9 au Honduras en 2009 pendant le d\u00e9veloppement du projet \u00ab\u00c9tude des pratiques de pr\u00e9paration et de r\u00e9ponse aux catastrophes des populations autochtones, catastrophes\u00e0 Gracias a Dios\u00bb, financ\u00e9e par l\u2019OFDA. Les conclusions de cette recherche, combin\u00e9es avec la vaste exp\u00e9rience de GOAL en mati\u00e8re de r\u00e9duction des risques de catastrophescatastrophes , ont fond\u00e9 les bases de notre expertise en mati\u00e8re de r\u00e9silience. \u00c0 la suite d\u2019une s\u00e9rie  d\u2019essai et de projets pilote, GOAL a con\u00e7u et publi\u00e9 l\u2019outil ARC-D (Analyse de la r\u00e9silience des communaut\u00e9s face aux catastrophes) en 2016 ; pendant cette p\u00e9riode,  l\u2019outil ARC-D a \u00e9t\u00e9 test\u00e9 de mani\u00e8re extensive dans 11 pays d'Afrique, d'Asie, d'Am\u00e9rique centrale et des Cara\u00efbes\n    <\/p>\n<p>\n        La deuxi\u00e8me version am\u00e9lior\u00e9e de l\u2019ARC-D, lanc\u00e9 fin 2016, a permis \u00e0 GOAL de r\u00e9aliser d\u2019importants progr\u00e8s qui lui ont permis d\u2019\u00eatre reconnue comme un expert en mati\u00e8re de r\u00e9silience aux catastrophes. Actuellement, l\u2019ARC-D est largement utilis\u00e9.\n    <\/p>\n<\/div>\n<div class=\"col-sm-12\">\n<hr>\n<p>\n        Nous pouvons d\u00e9j\u00e0 observer des progr\u00e8s au Honduras et en Ha\u00efti, en ce qui concerne des approches telles que \u00abQuartier Woso\u00bb (quartier Roseau en Ha\u00eftien), qui offre une vision plus globale de ce que signifie renforcer la r\u00e9silience des communaut\u00e9s. De plus, avec des financements interne pour la recherche, GOAL a financ\u00e9 en 2016 un premier guide d\u2019orientation pour l\u2019utilisation d\u2019un outil pour la r\u00e9silience des syst\u00e8mes sociaux (R4S), un ensemble de ressources permettant de cartographier et d'analyser la r\u00e9silience des syst\u00e8mes socio-\u00e9conomiques. Veuillez consulter la section Ressources pour plus d\u2019informations sur le R4S.\n    <\/p>\n<p class=\"text-center\"><img loading=\"lazy\" decoding=\"async\" src=\"http:\/\/resiliencenexus.org\/wp-content\/uploads\/2018\/11\/a.jpg\" alt=\"\" width=\"621\" height=\"414\" class=\"alignnone size-full wp-image-599\" srcset=\"https:\/\/resiliencenexus.org\/wp-content\/uploads\/2018\/11\/a.jpg 621w, https:\/\/resiliencenexus.org\/wp-content\/uploads\/2018\/11\/a-300x200.jpg 300w\" sizes=\"(max-width: 621px) 100vw, 621px\" \/><\/p>\n<p>\n        Notre cadre de r\u00e9silience r\u00e9pond \u00e0 quatre questions cl\u00e9s: la r\u00e9silience de qui? \u2013 le groupe cible que nous voulons renforcer \u00e0 travers des programmes de r\u00e9silience dans le contexte dans lequel il est immerg\u00e9; R\u00e9silience \u00e0 quoi? -  chocs et  stresses auxquels la population cible est expos\u00e9e; La r\u00e9silience de  quoi? \u2013syst\u00e8mes et niveaux avec\/sur lesquels nous pr\u00e9voyons de travailler; et enfin, la r\u00e9silience \u00e0 travers de quoi? \u2013 En contribuant \u00e0 renfor\u00e7er les capacit\u00e9s d'absorption, d'adaptation et de transformation du groupe cible et des syst\u00e8mes.\n    <\/p>\n<\/div>\n<div class=\"col-12\">\n<img loading=\"lazy\" decoding=\"async\" class=\"size-full wp-image-416 aligncenter\" src=\"http:\/\/resiliencenexus.org\/wp-content\/uploads\/2018\/11\/FeedBackLoops2.png\" alt=\"\" width=\"817\" height=\"564\" srcset=\"https:\/\/resiliencenexus.org\/wp-content\/uploads\/2018\/11\/FeedBackLoops2.png 817w, https:\/\/resiliencenexus.org\/wp-content\/uploads\/2018\/11\/FeedBackLoops2-300x207.png 300w, https:\/\/resiliencenexus.org\/wp-content\/uploads\/2018\/11\/FeedBackLoops2-768x530.png 768w\" sizes=\"(max-width: 817px) 100vw, 817px\" \/>\n<\/div>\n<div class=\"col-sm-4\"><\/div>\n<\/div>\n<table class=\"special-title-3\">\n<tbody>\n<tr>\n<td>\n<h2 class=\"bold-title\">Contact<\/h2>\n<\/td>\n<td><span class=\"fa-stack fa-lg fa-2x\"><i class=\"fas fa-square-full fa-stack-2x dark-green-color\"><\/i><i class=\"fas fas fa-address-card fa-stack-1x icon-light-color\"><\/i><\/span><\/td>\n<\/tr>\n<\/tbody>\n<\/table>\n<p>Paseo Virgilio Zelaya rue Rubi, # 1901, derri\u00e8re CNBS, Casta\u00f1os Sur, Tegucigalpa, Honduras C.A.es<br \/>\nNum\u00e9ro de t\u00e9l\u00e9phone: +504 2236-2682<br \/>\nCourriel: resilience@goal.ie\n<\/p><\/div>","protected":false},"excerpt":{"rendered":"<p>Our Work GOAL\u00b4s works in resilience measurement commenced in Honduras during 2009 while developing the \u201cStudy of Indigenous Disaster Preparedness and Response Practices in Gracias a Dios\u201d funded by OFDA. Its findings, combined with GOAL\u2019s wide experience in Disaster Risk Reduction (DRR), from then on, shaped the foundation of our resilience expertise. Following a series [&hellip;]<\/p>","protected":false},"author":1,"featured_media":363,"parent":0,"menu_order":0,"comment_status":"closed","ping_status":"closed","template":"secondary-template.php","meta":{"pgc_meta":"","_bbp_topic_count":0,"_bbp_reply_count":0,"_bbp_total_topic_count":0,"_bbp_total_reply_count":0,"_bbp_voice_count":0,"_bbp_anonymous_reply_count":0,"_bbp_topic_count_hidden":0,"_bbp_reply_count_hidden":0,"_bbp_forum_subforum_count":0,"footnotes":""},"pgc_meta":"","_links":{"self":[{"href":"https:\/\/resiliencenexus.org\/fr\/wp-json\/wp\/v2\/pages\/18"}],"collection":[{"href":"https:\/\/resiliencenexus.org\/fr\/wp-json\/wp\/v2\/pages"}],"about":[{"href":"https:\/\/resiliencenexus.org\/fr\/wp-json\/wp\/v2\/types\/page"}],"author":[{"embeddable":true,"href":"https:\/\/resiliencenexus.org\/fr\/wp-json\/wp\/v2\/users\/1"}],"replies":[{"embeddable":true,"href":"https:\/\/resiliencenexus.org\/fr\/wp-json\/wp\/v2\/comments?post=18"}],"version-history":[{"count":38,"href":"https:\/\/resiliencenexus.org\/fr\/wp-json\/wp\/v2\/pages\/18\/revisions"}],"predecessor-version":[{"id":728,"href":"https:\/\/resiliencenexus.org\/fr\/wp-json\/wp\/v2\/pages\/18\/revisions\/728"}],"wp:featuredmedia":[{"embeddable":true,"href":"https:\/\/resiliencenexus.org\/fr\/wp-json\/wp\/v2\/media\/363"}],"wp:attachment":[{"href":"https:\/\/resiliencenexus.org\/fr\/wp-json\/wp\/v2\/media?parent=18"}],"curies":[{"name":"wp","href":"https:\/\/api.w.org\/{rel}","templated":true}]}}