{"id":103,"date":"2018-08-31T03:17:10","date_gmt":"2018-08-31T03:17:10","guid":{"rendered":"http:\/\/qa.goal.arkoses.com\/?page_id=103"},"modified":"2021-02-23T18:19:01","modified_gmt":"2021-02-23T18:19:01","slug":"all-scores","status":"publish","type":"page","link":"https:\/\/resiliencenexus.org\/fr\/global_scores\/all-scores\/","title":{"rendered":"All Scores"},"content":{"rendered":"<h2>Caract\u00e9ristiques g\u00e9n\u00e9rales<\/h2>\n<p>Ce premier tableau de bord pr\u00e9sente l'analyse pr\u00e9liminaire du contexte g\u00e9n\u00e9ral des communaut\u00e9s \u00e9tudi\u00e9es. Les aspects \u00e9tudi\u00e9s dans cette section incluent: les chiffres de base et par sous-categorie sur la population (; la gouvernance locale; l'existence et l'utilisation de plans au niveau communautaire; la description de l'environnement naturel et physique; l'identification des groupes les plus vuln\u00e9rables; les principaux chocs et stresses qui touchent la communaut\u00e9 et l'analyse de la mani\u00e8re dont ils sont interd\u00e9pendants pour former des \u00absc\u00e9narios de risque\u00bb. Cette analyse inclut \u00e9galement l\u2019analyse des impacts et m\u00e9canismes d'adaptation utilis\u00e9s suivant les risques identifi\u00e9es. Les r\u00e9sultats seront disponibles en anglais, en espagnol ou en fran\u00e7ais selon le pays o\u00f9 l'ARC-D a \u00e9t\u00e9 appliqu\u00e9.<\/p>\n<p><iframe loading=\"lazy\" width=\"100%\" height=\"820\" src=\"https:\/\/app.powerbi.com\/view?r=eyJrIjoiMzgzMDA1OTgtMzdlNS00NWJjLTkyOWUtYzJlZjJmZmEzZmIzIiwidCI6IjY5YTIyYzdiLTI0ZWEtNDY0Ny04M2Q0LTQ4YWE4ZGI4Y2U3NyIsImMiOjh9\" frameborder=\"0\" allowfullscreen=\"true\"><\/iframe><\/p>\n<hr>\n<h2>R\u00e9silience par cat\u00e9gorie<\/h2>\n<p>Les r\u00e9sultats de l\u2019outil ARC-D constituent un point de d\u00e9part pr\u00e9cieux pour l\u2019analyse des syst\u00e8mes sectoriels critiques et des domaines th\u00e9matiques. Les 30 composantes de la r\u00e9silience aux catastrophes peuvent \u00eatre class\u00e9es de deux mani\u00e8res: syst\u00e8mes sectoriels critiques et \/ ou domaines th\u00e9matiques. <br \/>\nL\u2019analyse des syst\u00e8mes sectoriels critiques permet d\u2019effectuer une v\u00e9rification des \u00absignes vitaux\u00bb de la r\u00e9silience aux catastrophes et d'identifier les aspects fonctionnels qui peuvent \u00eatre exploit\u00e9s pour obtenir de meilleurs r\u00e9sultats en mati\u00e8re de r\u00e9silience et renforcer \/ transformer la r\u00e9silience des communaut\u00e9s. <br \/>\nLes quatre domaines th\u00e9matiques correspondent aux quatre priorit\u00e9s d'action du Cadre de Sendai 2015-2030 pour la r\u00e9duction des risques de catastrophes. Les domaines th\u00e9matiques permettent de concentrer les actions par rapport aux secteurs selon les \u00e9tats au niveau local, national, r\u00e9gional et mondial\n<\/p>\n<p><iframe loading=\"lazy\" width=\"100%\" height=\"820\" src=\"https:\/\/app.powerbi.com\/view?r=eyJrIjoiN2ZmMWU0NDktMWQ2NC00MGY1LThkMDAtYzdhMDNmMGNhM2IxIiwidCI6IjY5YTIyYzdiLTI0ZWEtNDY0Ny04M2Q0LTQ4YWE4ZGI4Y2U3NyIsImMiOjh9\" frameborder=\"0\" allowfullscreen=\"true\"><\/iframe><\/p>\n<hr>\n<h2>R\u00e9silience par g\u00e9ographie<\/h2>\n<p>L\u2019outil ARC-D a \u00e9t\u00e9 appliqu\u00e9 pour mesurer la r\u00e9silience des communaut\u00e9s aux catastrophes dans des contextes ruraux, p\u00e9riurbains et urbains dans de nombreux pays, notamment le Honduras, Ha\u00efti, le Kenya et l\u2019Ouganda. Dans cette section, vous pouvez filtrer les r\u00e9sultats par g\u00e9ographie pour analyser les informations d'int\u00e9r\u00eat par pays ou contexte.<\/p>\n<p><iframe loading=\"lazy\" width=\"100%\" height=\"820\" src=\"https:\/\/app.powerbi.com\/view?r=eyJrIjoiMjlmZTQwNmQtNDJmNS00OWY4LTgyNjYtMTQxYjg0MTM0NThjIiwidCI6IjY5YTIyYzdiLTI0ZWEtNDY0Ny04M2Q0LTQ4YWE4ZGI4Y2U3NyIsImMiOjh9\" frameborder=\"0\" allowfullscreen=\"true\"><\/iframe><\/p>\n<hr>\n<h2>Radar de r\u00e9silience<\/h2>\n<p>Le radar de r\u00e9silience est une aide visuelle pour illustrer les scores de r\u00e9silience des 30 composantes ARC-D. Il aide les utilisateurs \u00e0 identifier facilement les composantes critiques et celles obtenant les scores les plus \u00e9lev\u00e9es, \u00e0 prendre des d\u00e9cisions et \u00e0 hi\u00e9rarchiser les interventions pour am\u00e9liorer la r\u00e9silience aux catastrophes.<\/p>\n<p><iframe loading=\"lazy\" width=\"100%\" height=\"820\" src=\"https:\/\/app.powerbi.com\/view?r=eyJrIjoiNDZlOWExNjItMmM3MC00ZTUwLWFmNmMtYTE2MTgwYjJiOTcyIiwidCI6IjY5YTIyYzdiLTI0ZWEtNDY0Ny04M2Q0LTQ4YWE4ZGI4Y2U3NyIsImMiOjh9\" frameborder=\"0\" allowfullscreen=\"true\"><\/iframe><\/p>\n<hr>\n<h2>R\u00e9silience et r\u00e9sultats<\/h2>\n<p>Ce tableau de bord centralise les informations qualitatives (commentaires) recueillies lors de l'application de la partie B. Il peut \u00eatre filtr\u00e9 suivant les caract\u00e9ristiques de contexte, de sc\u00e9nario de risque et \/ ou les composantes de la r\u00e9silience. Le tableau de bord visualise \u00e9galement le niveau de r\u00e9silience aux catastrophes correspondant \u00e0 chacune des 30 composantes et permet en m\u00eame temps d'identifier facilement les composantes qui atteignent les niveaux de r\u00e9silience les plus \u00e9lev\u00e9s ou les plus bas. Les informations seront disponibles en anglais, en espagnol ou en fran\u00e7ais selon le pays o\u00f9 l'ARC-D a \u00e9t\u00e9 utilis\u00e9<\/p>\n<p><iframe loading=\"lazy\" width=\"100%\" height=\"820\" src=\"https:\/\/app.powerbi.com\/view?r=eyJrIjoiNDA5YWVhMmYtNjZhNi00NTY2LWE3YmYtZjMzNzIxNDkxZjk2IiwidCI6IjY5YTIyYzdiLTI0ZWEtNDY0Ny04M2Q0LTQ4YWE4ZGI4Y2U3NyIsImMiOjh9\" frameborder=\"0\" allowfullscreen=\"true\"><\/iframe><\/p>\n<hr>\n<h2>Frequency of Communities<\/h2>\n<p>Ce tableau de bord aide les utilisateurs \u00e0 identifier facilement la distribution des communaut\u00e9s par niveau de r\u00e9silience et par composante. Par cons\u00e9quent, les utilisateurs peuvent s\u00e9lectionner la composante de leur int\u00e9r\u00eat et voir la moyenne des niveaux de r\u00e9silience dans diff\u00e9rents contextes o\u00f9 l'ARC-D a \u00e9t\u00e9 appliqu\u00e9.<\/p>\n<p><iframe loading=\"lazy\" width=\"100%\" height=\"820\" src=\"https:\/\/app.powerbi.com\/view?r=eyJrIjoiOWNhYTYyNWQtYWUzNy00YThlLThjODgtODU4ZjY5ZDY2NGNiIiwidCI6IjY5YTIyYzdiLTI0ZWEtNDY0Ny04M2Q0LTQ4YWE4ZGI4Y2U3NyIsImMiOjh9\" frameborder=\"0\" allowfullscreen=\"true\"><\/iframe><\/p>","protected":false},"excerpt":{"rendered":"<p>General characteristics This Dashboard presents the preliminary analysis of the general context of communities assessed. Items explored in this section include: basic population numbers and subgroups; the existence an activity of local governance groups; the existence and use of plans at community level; the description of natural and physical environment; the identification of most vulnerable [&hellip;]<\/p>","protected":false},"author":1,"featured_media":608,"parent":22,"menu_order":0,"comment_status":"closed","ping_status":"closed","template":"secondary-template.php","meta":{"pgc_meta":"","_bbp_topic_count":0,"_bbp_reply_count":0,"_bbp_total_topic_count":0,"_bbp_total_reply_count":0,"_bbp_voice_count":0,"_bbp_anonymous_reply_count":0,"_bbp_topic_count_hidden":0,"_bbp_reply_count_hidden":0,"_bbp_forum_subforum_count":0,"footnotes":""},"pgc_meta":"","_links":{"self":[{"href":"https:\/\/resiliencenexus.org\/fr\/wp-json\/wp\/v2\/pages\/103"}],"collection":[{"href":"https:\/\/resiliencenexus.org\/fr\/wp-json\/wp\/v2\/pages"}],"about":[{"href":"https:\/\/resiliencenexus.org\/fr\/wp-json\/wp\/v2\/types\/page"}],"author":[{"embeddable":true,"href":"https:\/\/resiliencenexus.org\/fr\/wp-json\/wp\/v2\/users\/1"}],"replies":[{"embeddable":true,"href":"https:\/\/resiliencenexus.org\/fr\/wp-json\/wp\/v2\/comments?post=103"}],"version-history":[{"count":19,"href":"https:\/\/resiliencenexus.org\/fr\/wp-json\/wp\/v2\/pages\/103\/revisions"}],"predecessor-version":[{"id":921,"href":"https:\/\/resiliencenexus.org\/fr\/wp-json\/wp\/v2\/pages\/103\/revisions\/921"}],"up":[{"embeddable":true,"href":"https:\/\/resiliencenexus.org\/fr\/wp-json\/wp\/v2\/pages\/22"}],"wp:featuredmedia":[{"embeddable":true,"href":"https:\/\/resiliencenexus.org\/fr\/wp-json\/wp\/v2\/media\/608"}],"wp:attachment":[{"href":"https:\/\/resiliencenexus.org\/fr\/wp-json\/wp\/v2\/media?parent=103"}],"curies":[{"name":"wp","href":"https:\/\/api.w.org\/{rel}","templated":true}]}}