{"id":101,"date":"2018-08-31T03:16:47","date_gmt":"2018-08-31T03:16:47","guid":{"rendered":"http:\/\/qa.goal.arkoses.com\/?page_id=101"},"modified":"2021-02-23T16:49:08","modified_gmt":"2021-02-23T16:49:08","slug":"resilience-radar","status":"publish","type":"page","link":"https:\/\/resiliencenexus.org\/fr\/global_scores\/resilience-radar\/","title":{"rendered":"Radar de r\u00e9silience"},"content":{"rendered":"<p>\nLe radar de r\u00e9silience est une aide visuelle pour illustrer les scores de r\u00e9silience des 30 composantes ARC-D. Il aide les utilisateurs \u00e0 identifier facilement les composantes critiques et celles obtenant les scores les plus \u00e9lev\u00e9es, \u00e0 prendre des d\u00e9cisions et \u00e0 hi\u00e9rarchiser les interventions pour am\u00e9liorer la r\u00e9silience aux catastrophes.\n<\/p>\n<hr>\n<p><iframe loading=\"lazy\" src=\"https:\/\/app.powerbi.com\/view?r=eyJrIjoiNDZlOWExNjItMmM3MC00ZTUwLWFmNmMtYTE2MTgwYjJiOTcyIiwidCI6IjY5YTIyYzdiLTI0ZWEtNDY0Ny04M2Q0LTQ4YWE4ZGI4Y2U3NyIsImMiOjh9\" width=\"100%\" height=\"820\" frameborder=\"0\" allowfullscreen=\"allowfullscreen\"><\/iframe><\/p>","protected":false},"excerpt":{"rendered":"<p>Le radar de r\u00e9silience est une aide visuelle pour illustrer les scores de r\u00e9silience des 30 composantes ARC-D. Il aide les utilisateurs \u00e0 identifier facilement les composantes critiques et celles obtenant les scores les plus \u00e9lev\u00e9es, \u00e0 prendre des d\u00e9cisions et \u00e0 hi\u00e9rarchiser les interventions pour am\u00e9liorer la r\u00e9silience aux catastrophes.<\/p>","protected":false},"author":1,"featured_media":608,"parent":22,"menu_order":0,"comment_status":"closed","ping_status":"closed","template":"secondary-template.php","meta":{"pgc_meta":"","_bbp_topic_count":0,"_bbp_reply_count":0,"_bbp_total_topic_count":0,"_bbp_total_reply_count":0,"_bbp_voice_count":0,"_bbp_anonymous_reply_count":0,"_bbp_topic_count_hidden":0,"_bbp_reply_count_hidden":0,"_bbp_forum_subforum_count":0,"footnotes":""},"pgc_meta":"","_links":{"self":[{"href":"https:\/\/resiliencenexus.org\/fr\/wp-json\/wp\/v2\/pages\/101"}],"collection":[{"href":"https:\/\/resiliencenexus.org\/fr\/wp-json\/wp\/v2\/pages"}],"about":[{"href":"https:\/\/resiliencenexus.org\/fr\/wp-json\/wp\/v2\/types\/page"}],"author":[{"embeddable":true,"href":"https:\/\/resiliencenexus.org\/fr\/wp-json\/wp\/v2\/users\/1"}],"replies":[{"embeddable":true,"href":"https:\/\/resiliencenexus.org\/fr\/wp-json\/wp\/v2\/comments?post=101"}],"version-history":[{"count":14,"href":"https:\/\/resiliencenexus.org\/fr\/wp-json\/wp\/v2\/pages\/101\/revisions"}],"predecessor-version":[{"id":917,"href":"https:\/\/resiliencenexus.org\/fr\/wp-json\/wp\/v2\/pages\/101\/revisions\/917"}],"up":[{"embeddable":true,"href":"https:\/\/resiliencenexus.org\/fr\/wp-json\/wp\/v2\/pages\/22"}],"wp:featuredmedia":[{"embeddable":true,"href":"https:\/\/resiliencenexus.org\/fr\/wp-json\/wp\/v2\/media\/608"}],"wp:attachment":[{"href":"https:\/\/resiliencenexus.org\/fr\/wp-json\/wp\/v2\/media?parent=101"}],"curies":[{"name":"wp","href":"https:\/\/api.w.org\/{rel}","templated":true}]}}