{"id":99,"date":"2018-08-31T03:16:22","date_gmt":"2018-08-31T03:16:22","guid":{"rendered":"http:\/\/qa.goal.arkoses.com\/?page_id=99"},"modified":"2021-02-23T17:04:16","modified_gmt":"2021-02-23T17:04:16","slug":"resilience-by-geography","status":"publish","type":"page","link":"https:\/\/resiliencenexus.org\/es\/global_scores\/resilience-by-geography\/","title":{"rendered":"Resiliencia por la Geograf\u00eda"},"content":{"rendered":"<p>\nEl kit de herramientas ARC-D se ha aplicado con \u00e9xito para medir la capacidad de recuperaci\u00f3n de desastres de la comunidad en contextos rurales, periurbanos y urbanos en muchos pa\u00edses, incluidos Honduras, Hait\u00ed, Kenia y Uganda, entre otros. En esta secci\u00f3n puede filtrar los resultados por geograf\u00eda para analizar la informaci\u00f3n de inter\u00e9s por comunidad o contexto del pa\u00eds.\n<\/p>\n<hr>\n<p><iframe loading=\"lazy\" src=\"https:\/\/app.powerbi.com\/view?r=eyJrIjoiMjlmZTQwNmQtNDJmNS00OWY4LTgyNjYtMTQxYjg0MTM0NThjIiwidCI6IjY5YTIyYzdiLTI0ZWEtNDY0Ny04M2Q0LTQ4YWE4ZGI4Y2U3NyIsImMiOjh9\" width=\"100%\" height=\"800\" frameborder=\"0\" allowfullscreen=\"allowfullscreen\"><\/iframe><\/p>","protected":false},"excerpt":{"rendered":"<p>El kit de herramientas ARC-D se ha aplicado con \u00e9xito para medir la capacidad de recuperaci\u00f3n de desastres de la comunidad en contextos rurales, periurbanos y urbanos en muchos pa\u00edses, incluidos Honduras, Hait\u00ed, Kenia y Uganda, entre otros. En esta secci\u00f3n puede filtrar los resultados por geograf\u00eda para analizar la informaci\u00f3n de inter\u00e9s por comunidad o contexto del pa\u00eds.<\/p>","protected":false},"author":1,"featured_media":608,"parent":22,"menu_order":0,"comment_status":"closed","ping_status":"closed","template":"secondary-template.php","meta":{"pgc_meta":"","_bbp_topic_count":0,"_bbp_reply_count":0,"_bbp_total_topic_count":0,"_bbp_total_reply_count":0,"_bbp_voice_count":0,"_bbp_anonymous_reply_count":0,"_bbp_topic_count_hidden":0,"_bbp_reply_count_hidden":0,"_bbp_forum_subforum_count":0,"footnotes":""},"pgc_meta":"","_links":{"self":[{"href":"https:\/\/resiliencenexus.org\/es\/wp-json\/wp\/v2\/pages\/99"}],"collection":[{"href":"https:\/\/resiliencenexus.org\/es\/wp-json\/wp\/v2\/pages"}],"about":[{"href":"https:\/\/resiliencenexus.org\/es\/wp-json\/wp\/v2\/types\/page"}],"author":[{"embeddable":true,"href":"https:\/\/resiliencenexus.org\/es\/wp-json\/wp\/v2\/users\/1"}],"replies":[{"embeddable":true,"href":"https:\/\/resiliencenexus.org\/es\/wp-json\/wp\/v2\/comments?post=99"}],"version-history":[{"count":14,"href":"https:\/\/resiliencenexus.org\/es\/wp-json\/wp\/v2\/pages\/99\/revisions"}],"predecessor-version":[{"id":918,"href":"https:\/\/resiliencenexus.org\/es\/wp-json\/wp\/v2\/pages\/99\/revisions\/918"}],"up":[{"embeddable":true,"href":"https:\/\/resiliencenexus.org\/es\/wp-json\/wp\/v2\/pages\/22"}],"wp:featuredmedia":[{"embeddable":true,"href":"https:\/\/resiliencenexus.org\/es\/wp-json\/wp\/v2\/media\/608"}],"wp:attachment":[{"href":"https:\/\/resiliencenexus.org\/es\/wp-json\/wp\/v2\/media?parent=99"}],"curies":[{"name":"wp","href":"https:\/\/api.w.org\/{rel}","templated":true}]}}