{"id":92,"date":"2018-08-31T03:13:50","date_gmt":"2018-08-31T03:13:50","guid":{"rendered":"http:\/\/qa.goal.arkoses.com\/?page_id=92"},"modified":"2018-11-26T01:32:46","modified_gmt":"2018-11-26T01:32:46","slug":"relevant-data","status":"publish","type":"page","link":"https:\/\/resiliencenexus.org\/es\/arc_d_toolkit\/relevant-data\/","title":{"rendered":"Datos Relevantes"},"content":{"rendered":"<div class=\"row medium-text\">\n<div class=\"col-sm-12\">\n<h1>Datos Relevantes<\/h1>\n<\/div>\n<div class=\"col-md-4\"><img loading=\"lazy\" decoding=\"async\" width=\"1024\" height=\"509\" class=\"alignnone size-large wp-image-375 img-fluid\" src=\"http:\/\/resiliencenexus.org\/wp-content\/uploads\/2018\/11\/COPECO-training-Honduras-1-1024x509.jpg\" alt=\"\" srcset=\"https:\/\/resiliencenexus.org\/wp-content\/uploads\/2018\/11\/COPECO-training-Honduras-1-1024x509.jpg 1024w, https:\/\/resiliencenexus.org\/wp-content\/uploads\/2018\/11\/COPECO-training-Honduras-1-300x149.jpg 300w, https:\/\/resiliencenexus.org\/wp-content\/uploads\/2018\/11\/COPECO-training-Honduras-1-768x382.jpg 768w, https:\/\/resiliencenexus.org\/wp-content\/uploads\/2018\/11\/COPECO-training-Honduras-1.jpg 1200w\" sizes=\"(max-width: 1024px) 100vw, 1024px\" \/><\/p>\n<hr>\n<p><img loading=\"lazy\" decoding=\"async\" width=\"528\" height=\"400\" class=\"alignnone size-full wp-image-377 img-fluid\" src=\"http:\/\/resiliencenexus.org\/wp-content\/uploads\/2018\/11\/conference.jpg\" alt=\"\" srcset=\"https:\/\/resiliencenexus.org\/wp-content\/uploads\/2018\/11\/conference.jpg 528w, https:\/\/resiliencenexus.org\/wp-content\/uploads\/2018\/11\/conference-300x227.jpg 300w\" sizes=\"(max-width: 528px) 100vw, 528px\" \/><\/div>\n<div class=\"col-md-8\">\n<ul>\n<li>En 2015, la Autoridad hondure\u00f1a de gesti\u00f3n de riesgos de desastres (COPECO) institucionaliz\u00f3 el ARC-D como una herramienta de mejores pr\u00e1cticas a nivel nacional, en asociaci\u00f3n con el PNUD, capacit\u00f3 a 60 miembros del sistema nacional de gesti\u00f3n de riesgos de desastres para su implementaci\u00f3n.<\/li>\n<li>Presentado en el 2015 en el Compendio de la Resiliencia de la Uni\u00f3n Europea, ya que el ARC-D fue una piedra angular importante en el proyecto de resiliencia urbana de GOAL en Hait\u00ed, \"Tounen Lakay (Retour \u00e0 la maison)\".<\/li>\n<li>La Universidad Nacional de Honduras valid\u00f3 la relevancia y la complementariedad del kit de Herramientas como la herramienta de autoevaluaci\u00f3n del gobierno local de la UNISDR dentro de la campa\u00f1a Making Cities Resilient.<\/li>\n<li>M\u00e1s de 255 aplicaciones de ARC-D Toolkit en GOAL LAC y \u00c1frica.<\/li>\n<li>Aplicado en contexto urbano (27%) as\u00ed como en contexto rural (73%).<\/li>\n<li>M\u00e1s de 172 funcionarios capacitados en el sistema nacional, en 3 pa\u00edses.<\/li>\n<li>Socializado en 4 eventos internacionales entre los a\u00f1os 2015-2017.<\/li>\n<\/ul>\n<\/div>\n<\/div>","protected":false},"excerpt":{"rendered":"<p>Relevant Data In 2015 the honduran Disaster Risk Management Authority (COPECO) institutionalised the ARC-D as a nationwide best practice tool and, in partnership with UNDP, trained 60 members of the National Disaster Risk Management system in its application. Featured in the European Union\u2019s 2015 Resilience Compendium, as the ARC-D was an important cornerstone in GOAL\u2019s [&hellip;]<\/p>","protected":false},"author":1,"featured_media":693,"parent":20,"menu_order":200,"comment_status":"closed","ping_status":"closed","template":"secondary-template.php","meta":{"pgc_meta":"","_bbp_topic_count":0,"_bbp_reply_count":0,"_bbp_total_topic_count":0,"_bbp_total_reply_count":0,"_bbp_voice_count":0,"_bbp_anonymous_reply_count":0,"_bbp_topic_count_hidden":0,"_bbp_reply_count_hidden":0,"_bbp_forum_subforum_count":0,"footnotes":""},"pgc_meta":"","_links":{"self":[{"href":"https:\/\/resiliencenexus.org\/es\/wp-json\/wp\/v2\/pages\/92"}],"collection":[{"href":"https:\/\/resiliencenexus.org\/es\/wp-json\/wp\/v2\/pages"}],"about":[{"href":"https:\/\/resiliencenexus.org\/es\/wp-json\/wp\/v2\/types\/page"}],"author":[{"embeddable":true,"href":"https:\/\/resiliencenexus.org\/es\/wp-json\/wp\/v2\/users\/1"}],"replies":[{"embeddable":true,"href":"https:\/\/resiliencenexus.org\/es\/wp-json\/wp\/v2\/comments?post=92"}],"version-history":[{"count":19,"href":"https:\/\/resiliencenexus.org\/es\/wp-json\/wp\/v2\/pages\/92\/revisions"}],"predecessor-version":[{"id":715,"href":"https:\/\/resiliencenexus.org\/es\/wp-json\/wp\/v2\/pages\/92\/revisions\/715"}],"up":[{"embeddable":true,"href":"https:\/\/resiliencenexus.org\/es\/wp-json\/wp\/v2\/pages\/20"}],"wp:featuredmedia":[{"embeddable":true,"href":"https:\/\/resiliencenexus.org\/es\/wp-json\/wp\/v2\/media\/693"}],"wp:attachment":[{"href":"https:\/\/resiliencenexus.org\/es\/wp-json\/wp\/v2\/media?parent=92"}],"curies":[{"name":"wp","href":"https:\/\/api.w.org\/{rel}","templated":true}]}}