{"id":88,"date":"2018-08-31T03:12:37","date_gmt":"2018-08-31T03:12:37","guid":{"rendered":"http:\/\/qa.goal.arkoses.com\/?page_id=88"},"modified":"2021-02-23T18:22:24","modified_gmt":"2021-02-23T18:22:24","slug":"what-it-is","status":"publish","type":"page","link":"https:\/\/resiliencenexus.org\/es\/arc_d_toolkit\/what-it-is\/","title":{"rendered":"Herramienta ARC-D"},"content":{"rendered":"<div class=\"container-fluid drr p-0\">\n<section class=\"bg-pine section-padding\">\n<div class=\"row\">\n<div class=\"column large-7 medium-9 medium-centered xsmall-12 body-text\">\n<h1 style=\"color: #fff !important;\">En qu\u00e9 <span class=\"nowrap\">consiste el ARC-D?<\/span><\/h1>\n<p class=\"gamma translation-block\" style=\"color: #fff !important;\">El ARC-D consta de tres secciones: una encuesta de dos partes sobre la resiliencia ante los desastres, acompa\u00f1ada de un manual de orientaci\u00f3n para el usuario y un software.<\/p>\n<\/div>\n<\/div>\n<\/section>\n<section class=\"bg-offWhite section-padding\">\n<div class=\"row\">\n<div class=\"column large-7 medium-9 medium-centered xsmall-12 body-text\">\n<div class=\"row\">\n<div class=\"col-sm-12\">\n<h1>\u00bfC\u00f3mo se mide la resiliencia ante desastres?<\/h1>\n<p class=\" translation-block\">The <span class=\"nowrap\">ARC-D<\/span> toolkit is used to determine the level of a community\u2019s disaster resilience, in two parts:<\/p>\n<p><strong>La parte A<\/strong> eval\u00faa el contexto general de la comunidad, capturando los datos de la poblaci\u00f3n local, las estructuras de gobernanza, el entorno construido y los atributos del ecosistema, los grupos vulnerables y los principales escenarios de riesgo.<\/p>\n<p><strong>La parte B<\/strong> eval\u00faa el nivel de resiliencia ante desastres de la comunidad en un escenario de riesgo elegido a trav\u00e9s de un debate de grupo focal basado en el consenso, guiado por 30 preguntas claves, cada una vinculada a un componente de resiliencia particular.<\/p>\n<p>Los 30 componentes se clasifican en cuatro \u00e1reas tem\u00e1ticas, en l\u00ednea con el Marco Sendai 2015-30 para RRD:<\/p>\n<p class=\"text-center\"><img decoding=\"async\" class=\"img-fluid\" src=\"http:\/\/resiliencenexus.org\/wp-content\/uploads\/2018\/11\/people-square-crop.jpg\"><\/p>\n<ol>\n<li>Comprender el riesgo de los desastres.<\/li>\n<li>Fortalecimiento de la gobernanza para gestionar el riesgo de los desastres.<\/li>\n<li>Reducci\u00f3n de la vulnerabilidad ante los desastres para la resiliencia.<\/li>\n<li>Mejorar la preparaci\u00f3n ante los desastres para una respuesta efectiva y para \"Reconstruir mejor\" durante la fase de recuperaci\u00f3n.<\/li>\n<\/ol>\n<p>Tambi\u00e9n se enmarcan a lo largo de 8 sistemas claves:<\/p>\n<p><strong>Sistema de gesti\u00f3n de educaci\u00f3n<\/strong>, <strong>Salud<\/strong>, <strong>Econom\u00eda<\/strong>, <strong>Ambiente<\/strong>, <strong>Infraestructura<\/strong>, <strong>pol\u00edtica \/ gobernanza,<\/strong>, <strong>Social \/ Cultural<\/strong>y <a class=\"smooth-scroll\" href=\"#drms\"><strong>Sistema de gesti\u00f3n de riesgo de desastres.<\/strong><\/a><\/p>\n<\/div>\n<div class=\"col-sm-4\">&nbsp;<\/div>\n<\/div>\n<\/div>\n<\/div>\n<\/section>\n<section class=\"bg-white text-center section-padding\">\n<div class=\"row\">\n<div class=\"column xsmall-12 body-text text-center\">\n<h2 hidden=\"hidden\">Sistema de gesti\u00f3n de riesgo de desastres.<\/h2>\n<p>&nbsp;<\/p>\n<p class=\"text-center\"><img decoding=\"async\" class=\"img-fluid\" src=\"http:\/\/resiliencenexus.org\/wp-content\/uploads\/2018\/11\/dr-measurement-chart.png\" alt=\"Measurement Chart\"><\/p>\n<\/div>\n<\/div>\n<\/section>\n<section class=\"table-section bg-offWhite section-padding\">\n<div class=\"row\">\n<div class=\"column large-7 medium-9 medium-centered xsmall-12 body-text\">\n<h2 hidden=\"hidden\">Resiliance Analysis<\/h2>\n<p>Cada pregunta tiene 5 caracter\u00edsticas posibles que indican un nivel de resiliencia para ese componente donde 1 indica una caracter\u00edstica de resiliencia d\u00e9bil (se le asigna 1 punto) y 5 indica una caracter\u00edstica de resiliencia fuerte (se le asignan 5 puntos).<\/p>\n<p>La caracter\u00edstica elegida se fundamenta en las respuestas documentadas de la comunidad y se verifica a trav\u00e9s de medios espec\u00edficos durante la evaluaci\u00f3n de campo. Al final del proceso de evaluaci\u00f3n, se asigna un puntaje de resiliencia indicativo, que indica el nivel de resiliencia de la comunidad, seg\u00fan la siguiente tabla, adaptada de Twigg, 2009 y UNISDR, 2012:<\/p>\n<\/div>\n<\/div>\n<div class=\"overflow-scroll section-padding\">\n<table class=\"resiliance-table\">\n<tbody>\n<tr class=\"bg-pine\">\n<td>\n<div class=\"row\">\n<div class=\"column xsmall-12\">\n<table>\n<tbody>\n<tr>\n<th class=\"bg-pineLight\" width=\"20%\">Score Range<\/th>\n<th width=\"20%\">Level<\/th>\n<th class=\"bg-pineLight\" width=\"20%\">Category<\/th>\n<th width=\"40%\">Description<\/th>\n<\/tr>\n<\/tbody>\n<\/table>\n<\/div>\n<\/div>\n<\/td>\n<\/tr>\n<tr class=\"bg-red\">\n<td>\n<div class=\"row\">\n<div class=\"column xsmall-12\">\n<table>\n<tbody>\n<tr>\n<td width=\"20%\">0% &#8211; 30%<br \/>\n(0 \u2013 45 points)<\/td>\n<td width=\"20%\">1<\/td>\n<td width=\"20%\">Minimal Resilience<\/td>\n<td width=\"40%\">Little awareness of the issues or motivation to address them. No or minimal action.<\/td>\n<\/tr>\n<\/tbody>\n<\/table>\n<\/div>\n<\/div>\n<\/td>\n<\/tr>\n<tr class=\"bg-orange\">\n<td>\n<div class=\"row\">\n<div class=\"column xsmall-12\">\n<table>\n<tbody>\n<tr>\n<td width=\"20%\">31% &#8211; 50%<br \/>\n(46 \u2013 75 points)<\/td>\n<td width=\"20%\">2<\/td>\n<td width=\"20%\">Low Resilience<\/td>\n<td width=\"40%\">Some awareness of the issues and motivation to address them. Some action undertaken that is nevertheless piecemeal, one-off and short-term.<\/td>\n<\/tr>\n<\/tbody>\n<\/table>\n<\/div>\n<\/div>\n<\/td>\n<\/tr>\n<tr class=\"bg-yellow\">\n<td>\n<div class=\"row\">\n<div class=\"column xsmall-12\">\n<table>\n<tbody>\n<tr>\n<td width=\"20%\">51% &#8211; 70%<br \/>\n(76 \u2013 105 points)<\/td>\n<td width=\"20%\">3<\/td>\n<td width=\"20%\">Medium Resilience<\/td>\n<td width=\"40%\">Awareness, motivation and improved capacity to act. More long-term actions that are nevertheless not linked to a long-term strategy and \/ or not all aspects of the problem are addressed.<\/td>\n<\/tr>\n<\/tbody>\n<\/table>\n<\/div>\n<\/div>\n<\/td>\n<\/tr>\n<tr class=\"bg-ocean\">\n<td>\n<div class=\"row\">\n<div class=\"column xsmall-12\">\n<table>\n<tbody>\n<tr>\n<td width=\"20%\">71% &#8211; 90%<br \/>\n(106 \u2013 135 points)<\/td>\n<td width=\"20%\">4<\/td>\n<td width=\"20%\">Approaching Resilience<\/td>\n<td width=\"40%\">Actions are long-term, linked to a long-term strategy and address main aspects of the issue. Certain deficiencies (especially systemic) still exist in implementation.<\/td>\n<\/tr>\n<\/tbody>\n<\/table>\n<\/div>\n<\/div>\n<\/td>\n<\/tr>\n<tr class=\"bg-green\">\n<td>\n<div class=\"row\">\n<div class=\"column xsmall-12\">\n<table>\n<tbody>\n<tr>\n<td width=\"20%\">91% &#8211; 100%<br \/>\n(136 \u2013 150 points)<\/td>\n<td width=\"20%\">5<\/td>\n<td width=\"20%\">Resilient<\/td>\n<td width=\"40%\">Actions long-term, linked to a long-term strategy, addressing all aspects of the issue, embedded in society (both behaviour and policy) and sustainable.<\/td>\n<\/tr>\n<\/tbody>\n<\/table>\n<\/div>\n<\/div>\n<\/td>\n<\/tr>\n<\/tbody>\n<\/table>\n<\/div>\n<\/section>\n<section class=\"bg-white dr-software section-padding\">\n<div class=\"row\">\n<div class=\"column large-7 medium-9 medium-centered xsmall-12 body-text\">\n<h1>Recolecci\u00f3n digital de datos<\/h1>\n<p class=\" translation-block\">El ARC-D usa una aplicaci\u00f3n m\u00f3vil conectada a una plataforma de recopilaci\u00f3n de datos de c\u00f3digo abierto llamada\nCommCare. La aplicaci\u00f3n m\u00f3vil CommCare se ejecuta en cualquier dispositivo m\u00f3vil con un sistema operativo Android\ny puede funcionar sin conexi\u00f3n. Una vez completada la encuesta, la aplicaci\u00f3n muestra la puntuaci\u00f3n total de resiliencia\nde la comunidad, antes de enviar los resultados completos de la evaluaci\u00f3n al servidor de CommCare una vez que se\nhaya conectado a Internet, a trav\u00e9s de wi-fi o datos m\u00f3viles. Estos datos se conectan a un dashboard de PowerBi\ndesarrollado por GOAL el cual permite el monitoreo de la resiliencia de la comunidad (link para ver los global scores) \ncasi en tiempo real a medida que los datos se recopilan y env\u00edan desde el campo. Este panel genera informes\nque consisten en gr\u00e1ficos y tablas que comparan puntajes de resiliencia entre varias comunidades y para varios\nescenarios de riesgo. Dentro de los an\u00e1lisis destacados podemos observar el resilience Radar el cual nos d\u00e1 un\nPanorama global de la resiliencia comunitaria, entre otras visualizaciones simples e informativas\nLas cuales se pueden interpretar f\u00e1cilmente y compartir con las partes clave involucradas\nen la construcci\u00f3n de resiliencia ante desastres de una comunidad.<\/p>\n<\/div>\n<\/div>\n<div class=\"row\">\n<div class=\"column large-9 medium-10 medium-centered xsmall-12 body-text text-center\">\n<hr>\n<h2>Radar de resiliencia<\/h2>\n<p><iframe loading=\"lazy\" src=\"https:\/\/app.powerbi.com\/view?r=eyJrIjoiNDZlOWExNjItMmM3MC00ZTUwLWFmNmMtYTE2MTgwYjJiOTcyIiwidCI6IjY5YTIyYzdiLTI0ZWEtNDY0Ny04M2Q0LTQ4YWE4ZGI4Y2U3NyIsImMiOjh9\" width=\"100%\" height=\"820\" frameborder=\"0\" allowfullscreen=\"allowfullscreen\"><\/iframe><\/p>\n<\/div>\n<\/div>\n<\/section>\n<blockquote class=\"bg-offWhite section-padding\">\n<div class=\"row\">\n<div class=\"column large-7 medium-9 medium-centered xsmall-12 body-text\"><q>\"La resiliencia es la capacidad que garantiza que los estresores adversos y las amenazas no tengan consecuencias negativas y duraderas en el desarrollo\"<\/q><\/p>\n<h5>Mark A. Constas, 2013<\/h5>\n<\/div>\n<\/div>\n<\/blockquote>\n<section class=\"bg-white section-padding\">\n<div class=\"row\">\n<div class=\"column large-7 medium-9 medium-centered xsmall-12 body-text\">\n<h1>Manual de orientaci\u00f3n<\/h1>\n<p>El manual de orientaci\u00f3n proporciona a los usuarios una descripci\u00f3n detallada del conjunto de herramientas, que contiene la justificaci\u00f3n y los antecedentes de su desarrollo y una explicaci\u00f3n de la metodolog\u00eda para aplicarlo en el campo y analizar los hallazgos.<\/p>\n<\/div>\n<\/div>\n<\/section>\n<blockquote class=\"bg-offWhite section-padding\">\n<div class=\"row\">\n<div class=\"column large-7 medium-9 medium-centered xsmall-12 body-text\"><q>\"Hay pruebas convincentes de que la capacidad de resiliencia, la gesti\u00f3n de riesgos y la acci\u00f3n temprana salvan vidas y medios de vida\".<\/q><\/p>\n<h5 class=\"text-right\">Christos Stylianides, 2015<\/h5>\n<h6 class=\"text-right\">EU Commissioner for Humanitarian Aid and Crisis Management<\/h6>\n<\/div>\n<\/div>\n<\/blockquote>\n<section class=\"bg-mint section-padding\">\n<div class=\"row\">\n<div class=\"column large-7 medium-9 medium-centered xsmall-12 body-text\">\n<h1 class=\" translation-block\">Utilidad del ARC-D<\/h1>\n<p class=\" translation-block\">Si bien no tiene como objetivo reemplazar las herramientas de evaluaci\u00f3n en profundidad existentes para las capacidades y vulnerabilidades de la comunidad, el ARC-D brinda de manera \u00fanica una instant\u00e1nea hol\u00edstica del estado de resiliencia ante desastres de una comunidad, obtenida a trav\u00e9s de una evaluaci\u00f3n r\u00e1pida que permite a las comunidades y al personal de campo comprender e implementar la resiliencia. Este diagn\u00f3stico se puede utilizar para guiar la estrategia, la programaci\u00f3n y los esfuerzos de promoci\u00f3n; cuando corresponda, orientar las evaluaciones de seguimiento m\u00e1s detalladas.<\/p>\n<\/div>\n<\/div>\n<\/section>\n<section class=\"tool-benefits section-padding\" style=\"background: url('http:\/\/resiliencenexus.org\/wp-content\/uploads\/2018\/11\/bg-drr-benefits.jpg') center center \/ cover no-repeat;\">\n<div class=\"row\">\n<div class=\"column large-7 medium-9 medium-centered xsmall-12 body-text\">\n<h1>Beneficios de esta herramienta<\/h1>\n<ol>\n<li>Es una forma pr\u00e1ctica de medir la resiliencia ante los desastres a nivel comunitario.<\/li>\n<li>Dirige las acciones que son necesarias para aumentar la resiliencia ante los desastres de una comunidad.<\/li>\n<li>Informa el enfoque de sistemas para la construcci\u00f3n de resiliencia ante los desastres.<\/li>\n<li>Permite comparaciones del cambio de la resiliencia ante los desastres de la comunidad a lo largo del tiempo.<\/li>\n<li>Es flexible y adaptable, puede aplicarse en contextos rurales, urbanos y periurbanos, tanto en situaciones de desarrollo como de emergencia.<\/li>\n<li>Aumenta la capacidad tanto de las comunidades como del personal de campo para comprender la resiliencia y tomar medidas para mejorarla.<\/li>\n<li>Se requieren recursos m\u00ednimos para la implementaci\u00f3n.<\/li>\n<\/ol>\n<\/div>\n<\/div>\n<\/section>\n<blockquote class=\"bg-pine section-padding\">\n<div class=\"row\">\n<div class=\"column large-7 medium-9 medium-centered xsmall-12 body-text\"><q>Una comunidad es resistente cuando puede funcionar y sostener sistemas cr\u00edticos bajo estr\u00e9s; adaptarse a los cambios en el entorno f\u00edsico, social y econ\u00f3mico; y ser autosuficientes si los recursos externos son limitados o aislados<\/q><\/p>\n<h5>USAID, 2015<\/h5>\n<\/div>\n<\/div>\n<\/blockquote>\n<section class=\"bg-white download-arc-d section-padding\">\n<div class=\"row\">\n<div class=\"column large-7 medium-9 medium-centered xsmall-12 body-text text-center\">\n<div class=\"row\">\n<div class=\"col-sm-6\">\n<h1 class=\" translation-block\">Descargue el manual de instrucciones del usuario del kit de Herramientas ARC-D<\/h1>\n<p class=\"text-center\"><a class=\"button br-bodyColor\" href=\"http:\/\/resiliencenexus.org\/wp-content\/uploads\/2018\/10\/ARC-DToolkitUserManual-Nov2017-B02_PrintingQuality.pdf\" download=\"\">Descargar en Ingl\u00e9s<\/a><\/p>\n<p class=\"text-center\"><a class=\"button br-bodyColor\" href=\"http:\/\/resiliencenexus.org\/wp-content\/uploads\/2018\/11\/ARC-DToolkit_FrenchNeutral_Final_Oct2017.pdf\" download=\"\">Descargar en franc\u00e9s<\/a><\/p>\n<p class=\"text-center\"><a class=\"button br-bodyColor\" href=\"http:\/\/resiliencenexus.org\/wp-content\/uploads\/2020\/05\/ARC-DToolkitUserManualB01_SPANISH_Version_A03.pdf\" download=\"\">Download in Spanish<\/a><\/p>\n<\/div>\n<div class=\"col-sm-6\"><a href=\"https:\/\/resiliencenexus.org\/wp-content\/uploads\/2020\/05\/ARC-DToolkitUserManualB01_SPANISH_Version_A03.pdf\" class=\"pdfemb-viewer\" style=\"\" data-width=\"max\" data-height=\"max\" data-toolbar=\"bottom\" data-toolbar-fixed=\"off\">ARC-DToolkitUserManualB01_SPANISH_Version_A03<\/a><\/div>\n<\/div>\n<\/div>\n<\/div>\n<\/section>\n<\/div>","protected":false},"excerpt":{"rendered":"<p>What does the ARC-D consist of? The ARC-D consists of three sections: a two-part disaster resilience survey, accompanied by a user guidance manual and software. How is disaster resilience measured? The ARC-D toolkit is used to determine the level of a community&#8217;s disaster resilience, in two parts: Part A assesses the general context of the [&hellip;]<\/p>","protected":false},"author":1,"featured_media":693,"parent":20,"menu_order":300,"comment_status":"closed","ping_status":"closed","template":"full-width-template.php","meta":{"pgc_meta":"","_bbp_topic_count":0,"_bbp_reply_count":0,"_bbp_total_topic_count":0,"_bbp_total_reply_count":0,"_bbp_voice_count":0,"_bbp_anonymous_reply_count":0,"_bbp_topic_count_hidden":0,"_bbp_reply_count_hidden":0,"_bbp_forum_subforum_count":0,"footnotes":""},"pgc_meta":"","_links":{"self":[{"href":"https:\/\/resiliencenexus.org\/es\/wp-json\/wp\/v2\/pages\/88"}],"collection":[{"href":"https:\/\/resiliencenexus.org\/es\/wp-json\/wp\/v2\/pages"}],"about":[{"href":"https:\/\/resiliencenexus.org\/es\/wp-json\/wp\/v2\/types\/page"}],"author":[{"embeddable":true,"href":"https:\/\/resiliencenexus.org\/es\/wp-json\/wp\/v2\/users\/1"}],"replies":[{"embeddable":true,"href":"https:\/\/resiliencenexus.org\/es\/wp-json\/wp\/v2\/comments?post=88"}],"version-history":[{"count":58,"href":"https:\/\/resiliencenexus.org\/es\/wp-json\/wp\/v2\/pages\/88\/revisions"}],"predecessor-version":[{"id":922,"href":"https:\/\/resiliencenexus.org\/es\/wp-json\/wp\/v2\/pages\/88\/revisions\/922"}],"up":[{"embeddable":true,"href":"https:\/\/resiliencenexus.org\/es\/wp-json\/wp\/v2\/pages\/20"}],"wp:featuredmedia":[{"embeddable":true,"href":"https:\/\/resiliencenexus.org\/es\/wp-json\/wp\/v2\/media\/693"}],"wp:attachment":[{"href":"https:\/\/resiliencenexus.org\/es\/wp-json\/wp\/v2\/media?parent=88"}],"curies":[{"name":"wp","href":"https:\/\/api.w.org\/{rel}","templated":true}]}}