{"id":86,"date":"2018-08-31T03:12:08","date_gmt":"2018-08-31T03:12:08","guid":{"rendered":"http:\/\/qa.goal.arkoses.com\/?page_id=86"},"modified":"2018-11-23T19:20:48","modified_gmt":"2018-11-23T19:20:48","slug":"background","status":"publish","type":"page","link":"https:\/\/resiliencenexus.org\/es\/arc_d_toolkit\/background\/","title":{"rendered":"Antecedentes"},"content":{"rendered":"<p>En 2007, GOAL complet\u00f3 una encuesta integral de KAPB (Conocimiento, Actitudes, Pr\u00e1cticas y Creencias) en La Mosquitia, Honduras, para comprender mejor los factores que influyen en la resiliencia ante los desastres de las comunidades. En 2010, GOAL desarroll\u00f3 una encuesta m\u00e1s espec\u00edfica para evaluar la resiliencia ante los desastres, en ese momento incorporo m\u00e1s de 210 preguntas sobre una variedad de aspectos de resiliencia ante los desastres, incluyendo preguntas de la evaluaci\u00f3n de las \"caracter\u00edsticas de resiliencia ante los desastres\" basadas en el trabajo de John Twigg. Luego, en 2010 y 2011, esta herramienta se aplic\u00f3 en La Mosquitia, demostrando ser muy efectiva para medir el progreso en las capacidades de resiliencia ante los desastres y consistente con otras herramientas de monitoreo y evaluaci\u00f3n. A lo largo de 2013-14, GOAL llev\u00f3 a cabo una revisi\u00f3n exhaustiva de su trabajo en la medici\u00f3n de la resiliencia ante desastres de la comunidad mediante la realizaci\u00f3n de extensas pruebas de campo y validaciones t\u00e9cnicas en 4 pa\u00edses. El resultado final fue el Toolkit ARC-D (despu\u00e9s llamado el Toolkit de GOAL para medir la resiliencia ante los desastres de la comunidad), que contiene 30 componentes claves de la resiliencia como base de su evaluaci\u00f3n.<\/p>\n<p><img loading=\"lazy\" decoding=\"async\" class=\"size-full wp-image-356 aligncenter\" src=\"http:\/\/resiliencenexus.org\/wp-content\/uploads\/2018\/11\/people.jpg\" alt=\"\" width=\"736\" height=\"413\" srcset=\"https:\/\/resiliencenexus.org\/wp-content\/uploads\/2018\/11\/people.jpg 736w, https:\/\/resiliencenexus.org\/wp-content\/uploads\/2018\/11\/people-300x168.jpg 300w\" sizes=\"(max-width: 736px) 100vw, 736px\" \/><\/p>\n<p>A partir de 2015, despu\u00e9s de un mayor inter\u00e9s en aplicar el ARC-D y otros programas de GOAL a nivel de pa\u00eds, ONG y actores gubernamentales de GOAL, se extendi\u00f3 en 11 pa\u00edses de \u00c1frica, Asia, Am\u00e9rica Central y el Caribe. Como resultado, actualmente hay 13 pa\u00edses en tres continentes donde se aplicaron los estudios ARC-D para la medici\u00f3n de la resiliencia ante los desastres comunitarios: Honduras, Nicaragua, Cuba, Colombia, Hait\u00ed, N\u00edger, Sud\u00e1n, Sud\u00e1n del Sur, Etiop\u00eda, Kenia, Uganda, Malawi y las Filipinas. A lo largo del proceso inicial de difusi\u00f3n y validaci\u00f3n, el ARC-D se comparti\u00f3 con especialistas en gesti\u00f3n de riesgos de desastres, incluyendo las autoridades nacionales de gesti\u00f3n de riesgos, agencias de la ONU, otras ONG y representantes de donantes institucionales en Am\u00e9rica Central, el Caribe, \u00c1frica Oriental y Meridional. Sus valiosos comentarios se incorporaron a la versi\u00f3n final de este kit de herramientas.<\/p>\n<p><img loading=\"lazy\" decoding=\"async\" width=\"1024\" height=\"549\" class=\"size-large wp-image-354 aligncenter\" src=\"http:\/\/resiliencenexus.org\/wp-content\/uploads\/2018\/11\/world-map-1024x549.png\" alt=\"\" srcset=\"https:\/\/resiliencenexus.org\/wp-content\/uploads\/2018\/11\/world-map-1024x549.png 1024w, https:\/\/resiliencenexus.org\/wp-content\/uploads\/2018\/11\/world-map-300x161.png 300w, https:\/\/resiliencenexus.org\/wp-content\/uploads\/2018\/11\/world-map-768x412.png 768w, https:\/\/resiliencenexus.org\/wp-content\/uploads\/2018\/11\/world-map.png 1100w\" sizes=\"(max-width: 1024px) 100vw, 1024px\" \/><\/p>","protected":false},"excerpt":{"rendered":"<p>In 2007, GOAL completed a comprehensive KAPB (Knowledge, Attitudes, Practices and Beliefs) survey in La Moskitia, Honduras, to gain a better understanding of the factors influencing communities\u2019 disaster resilience. In 2010, GOAL developed a more targeted survey to assess disaster resilience, at this time incorporating over 210 questions on a variety of disaster resilience aspects, [&hellip;]<\/p>","protected":false},"author":1,"featured_media":693,"parent":20,"menu_order":100,"comment_status":"closed","ping_status":"closed","template":"secondary-template.php","meta":{"pgc_meta":"","_bbp_topic_count":0,"_bbp_reply_count":0,"_bbp_total_topic_count":0,"_bbp_total_reply_count":0,"_bbp_voice_count":0,"_bbp_anonymous_reply_count":0,"_bbp_topic_count_hidden":0,"_bbp_reply_count_hidden":0,"_bbp_forum_subforum_count":0,"footnotes":""},"pgc_meta":"","_links":{"self":[{"href":"https:\/\/resiliencenexus.org\/es\/wp-json\/wp\/v2\/pages\/86"}],"collection":[{"href":"https:\/\/resiliencenexus.org\/es\/wp-json\/wp\/v2\/pages"}],"about":[{"href":"https:\/\/resiliencenexus.org\/es\/wp-json\/wp\/v2\/types\/page"}],"author":[{"embeddable":true,"href":"https:\/\/resiliencenexus.org\/es\/wp-json\/wp\/v2\/users\/1"}],"replies":[{"embeddable":true,"href":"https:\/\/resiliencenexus.org\/es\/wp-json\/wp\/v2\/comments?post=86"}],"version-history":[{"count":36,"href":"https:\/\/resiliencenexus.org\/es\/wp-json\/wp\/v2\/pages\/86\/revisions"}],"predecessor-version":[{"id":694,"href":"https:\/\/resiliencenexus.org\/es\/wp-json\/wp\/v2\/pages\/86\/revisions\/694"}],"up":[{"embeddable":true,"href":"https:\/\/resiliencenexus.org\/es\/wp-json\/wp\/v2\/pages\/20"}],"wp:featuredmedia":[{"embeddable":true,"href":"https:\/\/resiliencenexus.org\/es\/wp-json\/wp\/v2\/media\/693"}],"wp:attachment":[{"href":"https:\/\/resiliencenexus.org\/es\/wp-json\/wp\/v2\/media?parent=86"}],"curies":[{"name":"wp","href":"https:\/\/api.w.org\/{rel}","templated":true}]}}