{"id":855,"date":"2019-07-03T20:13:01","date_gmt":"2019-07-03T20:13:01","guid":{"rendered":"http:\/\/resiliencenexus.org\/?page_id=855"},"modified":"2021-10-29T17:49:58","modified_gmt":"2021-10-29T17:49:58","slug":"r4s","status":"publish","type":"page","link":"https:\/\/resiliencenexus.org\/es\/r4s\/","title":{"rendered":"R4S"},"content":{"rendered":"<p>El <strong>Enfoque R4S<\/strong> fue desarrollado en el 2016 por el Centro de Resiliencia, Innovaci\u00f3n y Aprendizaje (RILH) de GOAL con el objetivo de presentar un enfoque sobre resiliencia para su implementaci\u00f3n en intervenciones humanitarias y desarrollo para mejorar la comprensi\u00f3n de los sistemas socioecon\u00f3micos, y ver c\u00f3mo reaccionan ante las amenazas y los estresores. El objetivo es fortalecer la comprensi\u00f3n de estas din\u00e1micas, para permitir una mejor programaci\u00f3n, que aborde las causas fundamentales de la vulnerabilidad, en lugar de los s\u00edntomas por s\u00ed solos. El R4S tiene la intenci\u00f3n de proporcionar mecanismos para analizar el estado actual de resiliencia de los sistemas socioecon\u00f3micos cr\u00edticos y llevar a cabo recomendaciones sobre c\u00f3mo construir o fortalecer la resiliencia de estos sistemas y por ende contribuir a las sociedades a ser m\u00e1s inclusivas y resilientes.<\/p>\n<p>El enfoque R4S aplica y combina herramientas de Pensamiento de Sistemas, Teor\u00eda de Redes, Pensamiento de Escenarios, Cambio Social y de Comportamiento, Inclusi\u00f3n y Resiliencia para proporcionar un proceso pr\u00e1ctico y estructurado paso a paso. Una de las innovaciones centrales del R4S, la cual caracteriza la forma en que trabajamos, consiste en una herramienta de mapeo que tiene como objetivo mejorar la comprensi\u00f3n y el an\u00e1lisis de los sistemas socioecon\u00f3micos complejos y c\u00f3mo reaccionar\u00edan ante diferentes amenazas y estresores. El R4S proporciona una nueva gu\u00eda para analizar los seis factores determinantes de los sistemas resilientes, que son: <i>la conectividad, la diversidad, la redundancia, la gobernanza, la participaci\u00f3n y el aprendizaje.<\/i> <b>Finalmente, lo motivamos a que se una a nosotros en este viaje para la construcci\u00f3n de sociedades m\u00e1s inclusivas y resistentes, aprendiendo e implementando el enfoque R4S en su programaci\u00f3n.<\/b><\/p>\n<div class=\"row\">\n<div class=\"col-md-6\">\n<h1>Download the <span class=\"nowrap\">R4S<\/span> Resilience For Systems<\/h1>\n<p class=\"text-center\"><a class=\"button br-bodyColor\" href=\"http:\/\/resiliencenexus.org\/wp-content\/uploads\/2019\/06\/R4S-Approach-2019-ISBN.pdf\" download=\"\">Descargar en Ingl\u00e9s<\/a><\/p>\n<p class=\"text-center\"><a class=\"button br-bodyColor\" href=\"http:\/\/resiliencenexus.org\/wp-content\/uploads\/2021\/02\/Espa\u00f1ol-EnfoqueR4S.pdf\" download=\"\">Download in Spanish<\/a><\/p>\n<\/div>\n<div class=\"col-sm-6\"><a href=\"https:\/\/resiliencenexus.org\/wp-content\/uploads\/2021\/02\/Espa\u00f1ol-EnfoqueR4S.pdf\" class=\"pdfemb-viewer\" style=\"\" data-width=\"max\" data-height=\"max\" data-toolbar=\"bottom\" data-toolbar-fixed=\"off\">Espa\u00f1ol-EnfoqueR4S<\/a><\/div>\n<\/div>","protected":false},"excerpt":{"rendered":"<p>The R4S Approach was developed in 2016 by GOAL&#8217;s Resilience, Innovation and Learning Hub (RILH) to inform a resilience approach to the implementation of humanitarian and development interventions by improving the understanding of socio-economic systems and how they react to shocks and stresses. GOAL strives to strengthen understanding of these dynamics, to enable better programming [&hellip;]<\/p>","protected":false},"author":1,"featured_media":856,"parent":0,"menu_order":3,"comment_status":"closed","ping_status":"closed","template":"secondary-template.php","meta":{"pgc_meta":"","_bbp_topic_count":0,"_bbp_reply_count":0,"_bbp_total_topic_count":0,"_bbp_total_reply_count":0,"_bbp_voice_count":0,"_bbp_anonymous_reply_count":0,"_bbp_topic_count_hidden":0,"_bbp_reply_count_hidden":0,"_bbp_forum_subforum_count":0,"footnotes":""},"pgc_meta":"","_links":{"self":[{"href":"https:\/\/resiliencenexus.org\/es\/wp-json\/wp\/v2\/pages\/855"}],"collection":[{"href":"https:\/\/resiliencenexus.org\/es\/wp-json\/wp\/v2\/pages"}],"about":[{"href":"https:\/\/resiliencenexus.org\/es\/wp-json\/wp\/v2\/types\/page"}],"author":[{"embeddable":true,"href":"https:\/\/resiliencenexus.org\/es\/wp-json\/wp\/v2\/users\/1"}],"replies":[{"embeddable":true,"href":"https:\/\/resiliencenexus.org\/es\/wp-json\/wp\/v2\/comments?post=855"}],"version-history":[{"count":8,"href":"https:\/\/resiliencenexus.org\/es\/wp-json\/wp\/v2\/pages\/855\/revisions"}],"predecessor-version":[{"id":980,"href":"https:\/\/resiliencenexus.org\/es\/wp-json\/wp\/v2\/pages\/855\/revisions\/980"}],"wp:featuredmedia":[{"embeddable":true,"href":"https:\/\/resiliencenexus.org\/es\/wp-json\/wp\/v2\/media\/856"}],"wp:attachment":[{"href":"https:\/\/resiliencenexus.org\/es\/wp-json\/wp\/v2\/media?parent=855"}],"curies":[{"name":"wp","href":"https:\/\/api.w.org\/{rel}","templated":true}]}}