{"id":33,"date":"2018-08-30T03:10:27","date_gmt":"2018-08-30T03:10:27","guid":{"rendered":"http:\/\/qa.goal.arkoses.com\/?page_id=33"},"modified":"2022-11-03T15:33:40","modified_gmt":"2022-11-03T15:33:40","slug":"reports","status":"publish","type":"page","link":"https:\/\/resiliencenexus.org\/es\/resources\/reports\/","title":{"rendered":"Reportes"},"content":{"rendered":"<h3>En el contexto de la Campa\u00f1a Desarrollando Ciudades Resilientes, GOAL Hait\u00ed y UNDRR \u2013 oficina Regional para las Am\u00e9ricas y el Caribe, han apoyado las ciudades de Jeremie, Ouanaminthe y Tabarre en Hait\u00ed, para llevar a cabo la evaluaci\u00f3n preliminar de la Herramienta de atuoevaluaci\u00f3n para la resiliencia frente a desastres a nivel local, desde septiembre de 2019 hasta noviembre 2019.<\/h3>\n<h4>Estas evaluaciones se desarrollaron en el contexto del proyecto \u201cAmpliaci\u00f3n de La Asistencia T\u00e9cnica Sobre la Medici\u00f3n y An\u00e1lisis de Resiliencia en Localidades de Alto Riesgo en Hait\u00ed\u201d (proyecto STAR) financiado por la USAID\/OFDA.<\/h4>\n<p><a href=\"https:\/\/resiliencenexus.org\/wp-content\/uploads\/2021\/02\/Scorecard-J\u00e9r\u00e9miev_WebVersion.pdf\" class=\"pdfemb-viewer\" style=\"\" data-width=\"max\" data-height=\"max\" data-toolbar=\"bottom\" data-toolbar-fixed=\"off\">Scorecard J\u00e9r\u00e9miev_WebVersion<\/a><br \/>\n&nbsp;<\/p>\n<p class=\"text-center\"><a class=\"button br-bodyColor\" href=\"http:\/\/resiliencenexus.org\/wp-content\/uploads\/2020\/04\/Scorecard-Tabarre_WebVersion.pdf\" download=\"\">Download Tabarre<\/a><\/p>\n<p class=\"text-center\"><a class=\"button br-bodyColor\" href=\"http:\/\/resiliencenexus.org\/wp-content\/uploads\/2020\/04\/Scorecard-Ouanaminthe_WebVersion.pdf\" download=\"\">Download Quanaminthe<\/a><\/p>\n<p class=\"text-center\"><a class=\"button br-bodyColor\" href=\"http:\/\/resiliencenexus.org\/wp-content\/uploads\/2021\/02\/Scorecard-J\u00e9r\u00e9miev_WebVersion.pdf\" download=\"\">Download J\u00e9r\u00e9miev<\/a><\/p>\n<h1>Case Studies<\/h1>\n<section class=\"bg-white download section-padding\">\n<div class=\"row\">\n<div class=\"column large-7 medium-9 medium-centered xsmall-12 body-text text-center\">\n<div class=\"row\">\n<div class=\"col-sm-6\">\n<h2>ARC-D In Niger<\/h2>\n<p class=\"text-center\"><a class=\"button br-bodyColor\" href=\"http:\/\/resiliencenexus.org\/wp-content\/uploads\/2021\/12\/CaseStudy_ARC-D-in-Niger.pdf\" download=\"\">Download<\/a><\/p>\n<\/div>\n<div class=\"col-sm-6\"><a href=\"https:\/\/resiliencenexus.org\/wp-content\/uploads\/2021\/12\/CaseStudy_ARC-D-in-Niger.pdf\" class=\"pdfemb-viewer\" style=\"\" data-width=\"max\" data-height=\"max\" data-toolbar=\"bottom\" data-toolbar-fixed=\"off\">CaseStudy_ARC-D-in-Niger<\/a><\/div>\n<\/div>\n<section class=\"bg-white download section-padding\">\n<div class=\"row\">\n<div class=\"col-sm-6\">\n<h2>ARC-D Miravalle Case Study<\/h2>\n<p class=\"text-center\"><a class=\"button br-bodyColor\" href=\"http:\/\/resiliencenexus.org\/wp-content\/uploads\/2021\/12\/ARC-D-Miravalle-Case-Study-B08-1.pdf\" download=\"\">Download<\/a><\/p>\n<\/div>\n<div class=\"col-sm-6\"><a href=\"https:\/\/resiliencenexus.org\/wp-content\/uploads\/2021\/12\/ARC-D-Miravalle-Case-Study-B08-1.pdf\" class=\"pdfemb-viewer\" style=\"\" data-width=\"max\" data-height=\"max\" data-toolbar=\"bottom\" data-toolbar-fixed=\"off\">ARC-D-Miravalle-Case-Study-B08-1<\/a><\/div>\n<\/div>\n<section class=\"bg-white download section-padding\">\n<div class=\"row\">\n<div class=\"col-sm-6\">\n<h2>Community Tourism Case study<\/h2>\n<p class=\"text-center\"><a class=\"button br-bodyColor\" href=\"http:\/\/resiliencenexus.org\/wp-content\/uploads\/2021\/12\/Turism-Case-study_A02.pdf\" download=\"\">Download<\/a><\/p>\n<\/div>\n<div class=\"col-sm-6\"><a href=\"https:\/\/resiliencenexus.org\/wp-content\/uploads\/2021\/12\/Turism-Case-study_A02.pdf\" class=\"pdfemb-viewer\" style=\"\" data-width=\"max\" data-height=\"max\" data-toolbar=\"bottom\" data-toolbar-fixed=\"off\">Turism-Case-study_A02<\/a><\/div>\n<\/div>\n<section class=\"bg-white download section-padding\">\n<div class=\"row\">\n<div class=\"col-sm-6\">\n<h2>ARC-D in Malawi<\/h2>\n<p class=\"text-center\"><a class=\"button br-bodyColor\" href=\"http:\/\/resiliencenexus.org\/wp-content\/uploads\/2022\/11\/Malawi-ARC-D-Application-Case-Study-A02.pdf\" download=\"\">Download<\/a><\/p>\n<\/div>\n<div class=\"col-sm-6\"><a href=\"https:\/\/resiliencenexus.org\/wp-content\/uploads\/2022\/11\/Malawi-ARC-D-Application-Case-Study-A02.pdf\" class=\"pdfemb-viewer\" style=\"\" data-width=\"max\" data-height=\"max\" data-toolbar=\"bottom\" data-toolbar-fixed=\"off\">Malawi-ARC-D-Application-Case-Study-A02<\/a><\/div>\n<\/div>\n<\/section>\n<\/section>\n<\/section>\n<\/div>\n<\/div>\n<\/section>","protected":false},"excerpt":{"rendered":"<p>In the context of the Making City Resilient Campaign, GOAL and UNDRR -Regional Office for the Americas and the Caribbean, supported the cities of Jeremie, Ouanaminthe and Tabarre in Haiti, to conduct the preliminary assessment of the Disaster Resilience Scorecard for Cities, from September 2019 to November 2019. Those assessments were conducted in the context [&hellip;]<\/p>","protected":false},"author":1,"featured_media":871,"parent":24,"menu_order":0,"comment_status":"closed","ping_status":"closed","template":"secondary-template.php","meta":{"pgc_meta":"","_bbp_topic_count":0,"_bbp_reply_count":0,"_bbp_total_topic_count":0,"_bbp_total_reply_count":0,"_bbp_voice_count":0,"_bbp_anonymous_reply_count":0,"_bbp_topic_count_hidden":0,"_bbp_reply_count_hidden":0,"_bbp_forum_subforum_count":0,"footnotes":""},"pgc_meta":"","_links":{"self":[{"href":"https:\/\/resiliencenexus.org\/es\/wp-json\/wp\/v2\/pages\/33"}],"collection":[{"href":"https:\/\/resiliencenexus.org\/es\/wp-json\/wp\/v2\/pages"}],"about":[{"href":"https:\/\/resiliencenexus.org\/es\/wp-json\/wp\/v2\/types\/page"}],"author":[{"embeddable":true,"href":"https:\/\/resiliencenexus.org\/es\/wp-json\/wp\/v2\/users\/1"}],"replies":[{"embeddable":true,"href":"https:\/\/resiliencenexus.org\/es\/wp-json\/wp\/v2\/comments?post=33"}],"version-history":[{"count":27,"href":"https:\/\/resiliencenexus.org\/es\/wp-json\/wp\/v2\/pages\/33\/revisions"}],"predecessor-version":[{"id":1250,"href":"https:\/\/resiliencenexus.org\/es\/wp-json\/wp\/v2\/pages\/33\/revisions\/1250"}],"up":[{"embeddable":true,"href":"https:\/\/resiliencenexus.org\/es\/wp-json\/wp\/v2\/pages\/24"}],"wp:featuredmedia":[{"embeddable":true,"href":"https:\/\/resiliencenexus.org\/es\/wp-json\/wp\/v2\/media\/871"}],"wp:attachment":[{"href":"https:\/\/resiliencenexus.org\/es\/wp-json\/wp\/v2\/media?parent=33"}],"curies":[{"name":"wp","href":"https:\/\/api.w.org\/{rel}","templated":true}]}}