{"id":18,"date":"2018-08-30T03:02:52","date_gmt":"2018-08-30T03:02:52","guid":{"rendered":"http:\/\/qa.goal.arkoses.com\/?page_id=18"},"modified":"2018-11-27T14:40:07","modified_gmt":"2018-11-27T14:40:07","slug":"about_us","status":"publish","type":"page","link":"https:\/\/resiliencenexus.org\/es\/about_us\/","title":{"rendered":"Acerda de"},"content":{"rendered":"<div class=\"container\">\n<div class=\"row\">\n<div class=\"col-sm-12\">\n<h1>Nuestro Trabajo<\/h1>\n<\/div>\n<div class=\"col-sm-4\"><img loading=\"lazy\" decoding=\"async\" class=\"alignnone size-full wp-image-364\" src=\"http:\/\/resiliencenexus.org\/wp-content\/uploads\/2018\/11\/IMG_2706.jpg\" alt=\"\" width=\"800\" height=\"1200\" srcset=\"https:\/\/resiliencenexus.org\/wp-content\/uploads\/2018\/11\/IMG_2706.jpg 800w, https:\/\/resiliencenexus.org\/wp-content\/uploads\/2018\/11\/IMG_2706-200x300.jpg 200w, https:\/\/resiliencenexus.org\/wp-content\/uploads\/2018\/11\/IMG_2706-768x1152.jpg 768w, https:\/\/resiliencenexus.org\/wp-content\/uploads\/2018\/11\/IMG_2706-683x1024.jpg 683w\" sizes=\"(max-width: 800px) 100vw, 800px\" \/><\/div>\n<div class=\"col-sm-8\">\n<p>\n        Los trabajos de GOAL en la medici\u00f3n de la resiliencia comenzaron en Honduras desde el 2009 mientras se desarrollaba el \u201cEstudio de las pr\u00e1cticas ind\u00edgenas de preparaci\u00f3n y respuesta ante desastres en Gracias a Dios\u201d financiado por OFDA. Sus hallazgos, combinados con la amplia experiencia de GOAL en la Reducci\u00f3n del Riesgo de Desastres (RRD), a partir de entonces, formaron la base de nuestra experiencia en resiliencia. Luego de una serie de ex\u00e1menes de prueba sobre el tema, GOAL en el 2016 dise\u00f1\u00f3 y public\u00f3 el kit de herramientas ARC-D (An\u00e1lisis de resiliencia en comunidades ante desastres); durante este tiempo, tambi\u00e9n se prob\u00f3 y se implement\u00f3 ampliamente en 11 pa\u00edses de \u00c1frica, Asia, Am\u00e9rica Central y el Caribe.\n    <\/p>\n<p>\n        La segunda y mejorada versi\u00f3n del ARC-D emitida a fines de 2016 ha desencadenado el importante progreso de GOAL para ser reconocido como un experto l\u00edder en resiliencia ante los desastres y ahora se est\u00e1 implementando ampliamente.\n    <\/p>\n<\/div>\n<div class=\"col-sm-12\">\n<hr>\n<p>\n        En Honduras y Hait\u00ed, se han logrado avances adicionales en enfoques como el \"Barrio Resiliente\", que ofrece una visi\u00f3n m\u00e1s hol\u00edstica de lo que significa construir resiliencia en las comunidades. Yendo m\u00e1s all\u00e1, el Fondo de Investigaci\u00f3n Global GOAL financi\u00f3 durante el 2016, una gu\u00eda inicial para el \"Juego de herramientas de Resiliencia para Sistemas Sociales (R4S)\", siendo un conjunto de recursos para mapear y analizar la resiliencia de los sistemas socioecon\u00f3micos. (Favor consultar la secci\u00f3n Recursos para obtener m\u00e1s informaci\u00f3n sobre el R4S).\n    <\/p>\n<p class=\"text-center\"><img loading=\"lazy\" decoding=\"async\" src=\"http:\/\/resiliencenexus.org\/wp-content\/uploads\/2018\/11\/a.jpg\" alt=\"\" width=\"621\" height=\"414\" class=\"alignnone size-full wp-image-599\" srcset=\"https:\/\/resiliencenexus.org\/wp-content\/uploads\/2018\/11\/a.jpg 621w, https:\/\/resiliencenexus.org\/wp-content\/uploads\/2018\/11\/a-300x200.jpg 300w\" sizes=\"(max-width: 621px) 100vw, 621px\" \/><\/p>\n<p>\n        Nuestro Marco de Resiliencia responde a cuatro preguntas claves: \u00bfDe qui\u00e9n es la resiliencia? \u2013seria el grupo objetivo que pretendemos fortalecer mediante la programaci\u00f3n de la resiliencia en el contexto en el que est\u00e1 inmerso; \u00bfResiliencia a qu\u00e9? \u2013A las conmociones y tensiones a las que est\u00e1 expuesta la poblaci\u00f3n objetivo; \u00bfResiliencia de qu\u00e9? \u2013Las amenazas y estresores con los que planeamos trabajar; \u00bfy la resiliencia a trav\u00e9s de qu\u00e9? \u2013Reforzando \/ construyendo las capacidades de absorci\u00f3n, adaptaci\u00f3n y transformaci\u00f3n del grupo objetivo y los sistemas.\n    <\/p>\n<\/div>\n<div class=\"col-12\">\n<img loading=\"lazy\" decoding=\"async\" class=\"size-full wp-image-416 aligncenter\" src=\"http:\/\/resiliencenexus.org\/wp-content\/uploads\/2018\/11\/FeedBackLoops2.png\" alt=\"\" width=\"817\" height=\"564\" srcset=\"https:\/\/resiliencenexus.org\/wp-content\/uploads\/2018\/11\/FeedBackLoops2.png 817w, https:\/\/resiliencenexus.org\/wp-content\/uploads\/2018\/11\/FeedBackLoops2-300x207.png 300w, https:\/\/resiliencenexus.org\/wp-content\/uploads\/2018\/11\/FeedBackLoops2-768x530.png 768w\" sizes=\"(max-width: 817px) 100vw, 817px\" \/>\n<\/div>\n<div class=\"col-sm-4\"><\/div>\n<\/div>\n<table class=\"special-title-3\">\n<tbody>\n<tr>\n<td>\n<h2 class=\"bold-title\">Contacto<\/h2>\n<\/td>\n<td><span class=\"fa-stack fa-lg fa-2x\"><i class=\"fas fa-square-full fa-stack-2x dark-green-color\"><\/i><i class=\"fas fas fa-address-card fa-stack-1x icon-light-color\"><\/i><\/span><\/td>\n<\/tr>\n<\/tbody>\n<\/table>\n<p>Paseo Virgilio Zelaya Rubi street, # 1901, behind CNBS, Casta\u00f1os Sur, Tegucigalpa, Honduras C.A.es<br \/>\nTel\u00e9fono: +504 2236-2682<br \/>\nCorreo Electr\u00f3nico: resilience@goal.ie\n<\/p><\/div>","protected":false},"excerpt":{"rendered":"<p>Our Work GOAL\u00b4s works in resilience measurement commenced in Honduras during 2009 while developing the \u201cStudy of Indigenous Disaster Preparedness and Response Practices in Gracias a Dios\u201d funded by OFDA. Its findings, combined with GOAL\u2019s wide experience in Disaster Risk Reduction (DRR), from then on, shaped the foundation of our resilience expertise. Following a series [&hellip;]<\/p>","protected":false},"author":1,"featured_media":363,"parent":0,"menu_order":0,"comment_status":"closed","ping_status":"closed","template":"secondary-template.php","meta":{"pgc_meta":"","_bbp_topic_count":0,"_bbp_reply_count":0,"_bbp_total_topic_count":0,"_bbp_total_reply_count":0,"_bbp_voice_count":0,"_bbp_anonymous_reply_count":0,"_bbp_topic_count_hidden":0,"_bbp_reply_count_hidden":0,"_bbp_forum_subforum_count":0,"footnotes":""},"pgc_meta":"","_links":{"self":[{"href":"https:\/\/resiliencenexus.org\/es\/wp-json\/wp\/v2\/pages\/18"}],"collection":[{"href":"https:\/\/resiliencenexus.org\/es\/wp-json\/wp\/v2\/pages"}],"about":[{"href":"https:\/\/resiliencenexus.org\/es\/wp-json\/wp\/v2\/types\/page"}],"author":[{"embeddable":true,"href":"https:\/\/resiliencenexus.org\/es\/wp-json\/wp\/v2\/users\/1"}],"replies":[{"embeddable":true,"href":"https:\/\/resiliencenexus.org\/es\/wp-json\/wp\/v2\/comments?post=18"}],"version-history":[{"count":38,"href":"https:\/\/resiliencenexus.org\/es\/wp-json\/wp\/v2\/pages\/18\/revisions"}],"predecessor-version":[{"id":728,"href":"https:\/\/resiliencenexus.org\/es\/wp-json\/wp\/v2\/pages\/18\/revisions\/728"}],"wp:featuredmedia":[{"embeddable":true,"href":"https:\/\/resiliencenexus.org\/es\/wp-json\/wp\/v2\/media\/363"}],"wp:attachment":[{"href":"https:\/\/resiliencenexus.org\/es\/wp-json\/wp\/v2\/media?parent=18"}],"curies":[{"name":"wp","href":"https:\/\/api.w.org\/{rel}","templated":true}]}}