{"id":101,"date":"2018-08-31T03:16:47","date_gmt":"2018-08-31T03:16:47","guid":{"rendered":"http:\/\/qa.goal.arkoses.com\/?page_id=101"},"modified":"2021-02-23T16:49:08","modified_gmt":"2021-02-23T16:49:08","slug":"resilience-radar","status":"publish","type":"page","link":"https:\/\/resiliencenexus.org\/es\/global_scores\/resilience-radar\/","title":{"rendered":"Radar de resiliencia"},"content":{"rendered":"<p>\nEl radar de resiliencia es una ayuda visual para ilustrar los puntajes de resiliencia de los 30 componentes ARC-D. Ayuda a los usuarios a identificar f\u00e1cilmente los componentes cr\u00edticos y aquellos con los puntajes m\u00e1s altos, a tomar decisiones y priorizar las intervenciones para mejorar la capacidad de recuperaci\u00f3n ante desastres a nivel comunitario.\n<\/p>\n<hr>\n<p><iframe loading=\"lazy\" src=\"https:\/\/app.powerbi.com\/view?r=eyJrIjoiNDZlOWExNjItMmM3MC00ZTUwLWFmNmMtYTE2MTgwYjJiOTcyIiwidCI6IjY5YTIyYzdiLTI0ZWEtNDY0Ny04M2Q0LTQ4YWE4ZGI4Y2U3NyIsImMiOjh9\" width=\"100%\" height=\"820\" frameborder=\"0\" allowfullscreen=\"allowfullscreen\"><\/iframe><\/p>","protected":false},"excerpt":{"rendered":"<p>El radar de resiliencia es una ayuda visual para ilustrar los puntajes de resiliencia de los 30 componentes ARC-D. Ayuda a los usuarios a identificar f\u00e1cilmente los componentes cr\u00edticos y aquellos con los puntajes m\u00e1s altos, a tomar decisiones y priorizar las intervenciones para mejorar la capacidad de recuperaci\u00f3n ante desastres a nivel comunitario.<\/p>","protected":false},"author":1,"featured_media":608,"parent":22,"menu_order":0,"comment_status":"closed","ping_status":"closed","template":"secondary-template.php","meta":{"pgc_meta":"","_bbp_topic_count":0,"_bbp_reply_count":0,"_bbp_total_topic_count":0,"_bbp_total_reply_count":0,"_bbp_voice_count":0,"_bbp_anonymous_reply_count":0,"_bbp_topic_count_hidden":0,"_bbp_reply_count_hidden":0,"_bbp_forum_subforum_count":0,"footnotes":""},"pgc_meta":"","_links":{"self":[{"href":"https:\/\/resiliencenexus.org\/es\/wp-json\/wp\/v2\/pages\/101"}],"collection":[{"href":"https:\/\/resiliencenexus.org\/es\/wp-json\/wp\/v2\/pages"}],"about":[{"href":"https:\/\/resiliencenexus.org\/es\/wp-json\/wp\/v2\/types\/page"}],"author":[{"embeddable":true,"href":"https:\/\/resiliencenexus.org\/es\/wp-json\/wp\/v2\/users\/1"}],"replies":[{"embeddable":true,"href":"https:\/\/resiliencenexus.org\/es\/wp-json\/wp\/v2\/comments?post=101"}],"version-history":[{"count":14,"href":"https:\/\/resiliencenexus.org\/es\/wp-json\/wp\/v2\/pages\/101\/revisions"}],"predecessor-version":[{"id":917,"href":"https:\/\/resiliencenexus.org\/es\/wp-json\/wp\/v2\/pages\/101\/revisions\/917"}],"up":[{"embeddable":true,"href":"https:\/\/resiliencenexus.org\/es\/wp-json\/wp\/v2\/pages\/22"}],"wp:featuredmedia":[{"embeddable":true,"href":"https:\/\/resiliencenexus.org\/es\/wp-json\/wp\/v2\/media\/608"}],"wp:attachment":[{"href":"https:\/\/resiliencenexus.org\/es\/wp-json\/wp\/v2\/media?parent=101"}],"curies":[{"name":"wp","href":"https:\/\/api.w.org\/{rel}","templated":true}]}}